{"id":4790,"date":"2026-04-07T10:52:49","date_gmt":"2026-04-07T13:52:49","guid":{"rendered":"https:\/\/whiskymaltargentina.com\/whiskyshop\/?post_type=product&#038;p=4790"},"modified":"2026-04-07T10:53:07","modified_gmt":"2026-04-07T13:53:07","slug":"tomatin-bourbon-sherry-casks","status":"publish","type":"product","link":"https:\/\/whiskymaltargentina.com\/whiskyshop\/producto\/tomatin-bourbon-sherry-casks\/","title":{"rendered":"Tomatin Bourbon &#038; Sherry Casks"},"content":{"rendered":"<p data-start=\"165\" data-end=\"460\">El <strong data-start=\"168\" data-end=\"202\">Tomatin Bourbon &amp; Sherry Casks<\/strong> es un single malt de Highlands <strong data-start=\"234\" data-end=\"262\">sin edad declarada (NAS)<\/strong>, creado para mostrar el estilo cl\u00e1sico de la destiler\u00eda: <strong data-start=\"320\" data-end=\"352\">suave, frutado y equilibrado<\/strong>, con la combinaci\u00f3n de barricas de <strong data-start=\"388\" data-end=\"407\">bourbon y jerez<\/strong> que aportan dulzor y complejidad sin hacerlo pesado.<\/p>\n<p data-start=\"462\" data-end=\"574\">Es una expresi\u00f3n moderna pensada como whisky vers\u00e1til, f\u00e1cil de tomar y muy recomendable para un p\u00fablico amplio.<\/p>\n","protected":false},"excerpt":{"rendered":"<p>El Tomatin Bourbon &amp; Sherry Casks es un single malt de Highlands sin edad declarada (NAS), creado para mostrar el estilo cl\u00e1sico de la destiler\u00eda: suave, frutado y equilibrado, con la combinaci\u00f3n de barricas de bourbon y jerez que aportan dulzor y complejidad sin hacerlo pesado. Es una expresi\u00f3n moderna pensada como whisky vers\u00e1til, f\u00e1cil [&hellip;]<\/p>\n","protected":false},"featured_media":4693,"comment_status":"closed","ping_status":"closed","template":"","meta":{"nf_dc_page":"","_uag_custom_page_level_css":"","site-sidebar-layout":"default","site-content-layout":"","ast-site-content-layout":"default","site-content-style":"default","site-sidebar-style":"default","ast-global-header-display":"","ast-banner-title-visibility":"","ast-main-header-display":"","ast-hfb-above-header-display":"","ast-hfb-below-header-display":"","ast-hfb-mobile-header-display":"","site-post-title":"","ast-breadcrumbs-content":"","ast-featured-img":"","footer-sml-layout":"","ast-disable-related-posts":"","theme-transparent-header-meta":"default","adv-header-id-meta":"","stick-header-meta":"default","header-above-stick-meta":"","header-main-stick-meta":"","header-below-stick-meta":"","astra-migrate-meta-layouts":"set","ast-page-background-enabled":"default","ast-page-background-meta":{"desktop":{"background-color":"","background-image":"","background-repeat":"repeat","background-position":"center center","background-size":"auto","background-attachment":"scroll","background-type":"","background-media":"","overlay-type":"","overlay-color":"","overlay-opacity":"","overlay-gradient":""},"tablet":{"background-color":"","background-image":"","background-repeat":"repeat","background-position":"center center","background-size":"auto","background-attachment":"scroll","background-type":"","background-media":"","overlay-type":"","overlay-color":"","overlay-opacity":"","overlay-gradient":""},"mobile":{"background-color":"","background-image":"","background-repeat":"repeat","background-position":"center center","background-size":"auto","background-attachment":"scroll","background-type":"","background-media":"","overlay-type":"","overlay-color":"","overlay-opacity":"","overlay-gradient":""}},"ast-content-background-meta":{"desktop":{"background-color":"var(--ast-global-color-5)","background-image":"","background-repeat":"repeat","background-position":"center center","background-size":"auto","background-attachment":"scroll","background-type":"","background-media":"","overlay-type":"","overlay-color":"","overlay-opacity":"","overlay-gradient":""},"tablet":{"background-color":"var(--ast-global-color-5)","background-image":"","background-repeat":"repeat","background-position":"center center","background-size":"auto","background-attachment":"scroll","background-type":"","background-media":"","overlay-type":"","overlay-color":"","overlay-opacity":"","overlay-gradient":""},"mobile":{"background-color":"var(--ast-global-color-5)","background-image":"","background-repeat":"repeat","background-position":"center center","background-size":"auto","background-attachment":"scroll","background-type":"","background-media":"","overlay-type":"","overlay-color":"","overlay-opacity":"","overlay-gradient":""}},"_joinchat":[]},"product_brand":[],"product_cat":[130,42],"product_tag":[56,162,55],"class_list":{"0":"post-4790","1":"product","2":"type-product","3":"status-publish","4":"has-post-thumbnail","6":"product_cat-single-malt","7":"product_cat-productosexclusivos","8":"product_tag-highlands","9":"product_tag-scotch-whisky","10":"product_tag-single-malt","11":"desktop-align-left","12":"tablet-align-left","13":"mobile-align-left","14":"ast-product-gallery-layout-horizontal-slider","15":"ast-product-gallery-with-no-image","16":"ast-product-tabs-layout-horizontal","17":"ast-qv-on-image","19":"first","20":"instock","21":"shipping-taxable","22":"product-type-simple"},"uagb_featured_image_src":{"full":["https:\/\/whiskymaltargentina.com\/whiskyshop\/wp-content\/uploads\/2026\/03\/tomatin-highland-single-malt-69c56e3c25a0d.webp",1024,1024,false],"thumbnail":["https:\/\/whiskymaltargentina.com\/whiskyshop\/wp-content\/uploads\/2026\/03\/tomatin-highland-single-malt-69c56e3c25a0d-150x150.webp",150,150,true],"medium":["https:\/\/whiskymaltargentina.com\/whiskyshop\/wp-content\/uploads\/2026\/03\/tomatin-highland-single-malt-69c56e3c25a0d-300x300.webp",300,300,true],"medium_large":["https:\/\/whiskymaltargentina.com\/whiskyshop\/wp-content\/uploads\/2026\/03\/tomatin-highland-single-malt-69c56e3c25a0d-768x768.webp",768,768,true],"large":["https:\/\/whiskymaltargentina.com\/whiskyshop\/wp-content\/uploads\/2026\/03\/tomatin-highland-single-malt-69c56e3c25a0d.webp",1024,1024,false],"1536x1536":["https:\/\/whiskymaltargentina.com\/whiskyshop\/wp-content\/uploads\/2026\/03\/tomatin-highland-single-malt-69c56e3c25a0d.webp",1024,1024,false],"2048x2048":["https:\/\/whiskymaltargentina.com\/whiskyshop\/wp-content\/uploads\/2026\/03\/tomatin-highland-single-malt-69c56e3c25a0d.webp",1024,1024,false],"woocommerce_thumbnail":["https:\/\/whiskymaltargentina.com\/whiskyshop\/wp-content\/uploads\/2026\/03\/tomatin-highland-single-malt-69c56e3c25a0d-300x300.webp",300,300,true],"woocommerce_single":["https:\/\/whiskymaltargentina.com\/whiskyshop\/wp-content\/uploads\/2026\/03\/tomatin-highland-single-malt-69c56e3c25a0d-600x600.webp",600,600,true],"woocommerce_gallery_thumbnail":["https:\/\/whiskymaltargentina.com\/whiskyshop\/wp-content\/uploads\/2026\/03\/tomatin-highland-single-malt-69c56e3c25a0d-100x100.webp",100,100,true]},"uagb_author_info":{"display_name":"@Monroe3980","author_link":"https:\/\/whiskymaltargentina.com\/whiskyshop\/author\/"},"uagb_comment_info":0,"uagb_excerpt":"El Tomatin Bourbon &amp; Sherry Casks es un single malt de Highlands sin edad declarada (NAS), creado para mostrar el estilo cl\u00e1sico de la destiler\u00eda: suave, frutado y equilibrado, con la combinaci\u00f3n de barricas de bourbon y jerez que aportan dulzor y complejidad sin hacerlo pesado. Es una expresi\u00f3n moderna pensada como whisky vers\u00e1til, f\u00e1cil&hellip;","_links":{"self":[{"href":"https:\/\/whiskymaltargentina.com\/whiskyshop\/wp-json\/wp\/v2\/product\/4790","targetHints":{"allow":["GET"]}}],"collection":[{"href":"https:\/\/whiskymaltargentina.com\/whiskyshop\/wp-json\/wp\/v2\/product"}],"about":[{"href":"https:\/\/whiskymaltargentina.com\/whiskyshop\/wp-json\/wp\/v2\/types\/product"}],"replies":[{"embeddable":true,"href":"https:\/\/whiskymaltargentina.com\/whiskyshop\/wp-json\/wp\/v2\/comments?post=4790"}],"wp:featuredmedia":[{"embeddable":true,"href":"https:\/\/whiskymaltargentina.com\/whiskyshop\/wp-json\/wp\/v2\/media\/4693"}],"wp:attachment":[{"href":"https:\/\/whiskymaltargentina.com\/whiskyshop\/wp-json\/wp\/v2\/media?parent=4790"}],"wp:term":[{"taxonomy":"product_brand","embeddable":true,"href":"https:\/\/whiskymaltargentina.com\/whiskyshop\/wp-json\/wp\/v2\/product_brand?post=4790"},{"taxonomy":"product_cat","embeddable":true,"href":"https:\/\/whiskymaltargentina.com\/whiskyshop\/wp-json\/wp\/v2\/product_cat?post=4790"},{"taxonomy":"product_tag","embeddable":true,"href":"https:\/\/whiskymaltargentina.com\/whiskyshop\/wp-json\/wp\/v2\/product_tag?post=4790"}],"curies":[{"name":"wp","href":"https:\/\/api.w.org\/{rel}","templated":true}]}}