{"id":4789,"date":"2026-04-07T10:48:55","date_gmt":"2026-04-07T13:48:55","guid":{"rendered":"https:\/\/whiskymaltargentina.com\/whiskyshop\/?post_type=product&#038;p=4789"},"modified":"2026-04-07T10:49:11","modified_gmt":"2026-04-07T13:49:11","slug":"cardhu-gold-reserve","status":"publish","type":"product","link":"https:\/\/whiskymaltargentina.com\/whiskyshop\/producto\/cardhu-gold-reserve\/","title":{"rendered":"Cardhu Gold Reserve"},"content":{"rendered":"<p data-start=\"87\" data-end=\"299\">El <strong data-start=\"90\" data-end=\"113\">Cardhu Gold Reserve<\/strong> es un single malt de <strong data-start=\"135\" data-end=\"147\">Speyside<\/strong> pensado para ser <strong data-start=\"165\" data-end=\"202\">suave, accesible y f\u00e1cil de tomar<\/strong>. Es una alternativa moderna al cl\u00e1sico Cardhu 12, con un perfil m\u00e1s frutado y un poco m\u00e1s dulce.<\/p>\n<p data-start=\"301\" data-end=\"532\">Cardhu es una destiler\u00eda hist\u00f3rica muy importante porque gran parte de su producci\u00f3n se usa en los blends de <strong data-start=\"410\" data-end=\"428\">Johnnie Walker<\/strong>, por eso su estilo suele resultar familiar a muchos consumidores<\/p>\n","protected":false},"excerpt":{"rendered":"<p>El Cardhu Gold Reserve es un single malt de Speyside pensado para ser suave, accesible y f\u00e1cil de tomar. Es una alternativa moderna al cl\u00e1sico Cardhu 12, con un perfil m\u00e1s frutado y un poco m\u00e1s dulce. Cardhu es una destiler\u00eda hist\u00f3rica muy importante porque gran parte de su producci\u00f3n se usa en los blends [&hellip;]<\/p>\n","protected":false},"featured_media":4665,"comment_status":"closed","ping_status":"closed","template":"","meta":{"nf_dc_page":"","_uag_custom_page_level_css":"","site-sidebar-layout":"default","site-content-layout":"","ast-site-content-layout":"default","site-content-style":"default","site-sidebar-style":"default","ast-global-header-display":"","ast-banner-title-visibility":"","ast-main-header-display":"","ast-hfb-above-header-display":"","ast-hfb-below-header-display":"","ast-hfb-mobile-header-display":"","site-post-title":"","ast-breadcrumbs-content":"","ast-featured-img":"","footer-sml-layout":"","ast-disable-related-posts":"","theme-transparent-header-meta":"default","adv-header-id-meta":"","stick-header-meta":"default","header-above-stick-meta":"","header-main-stick-meta":"","header-below-stick-meta":"","astra-migrate-meta-layouts":"set","ast-page-background-enabled":"default","ast-page-background-meta":{"desktop":{"background-color":"","background-image":"","background-repeat":"repeat","background-position":"center center","background-size":"auto","background-attachment":"scroll","background-type":"","background-media":"","overlay-type":"","overlay-color":"","overlay-opacity":"","overlay-gradient":""},"tablet":{"background-color":"","background-image":"","background-repeat":"repeat","background-position":"center center","background-size":"auto","background-attachment":"scroll","background-type":"","background-media":"","overlay-type":"","overlay-color":"","overlay-opacity":"","overlay-gradient":""},"mobile":{"background-color":"","background-image":"","background-repeat":"repeat","background-position":"center center","background-size":"auto","background-attachment":"scroll","background-type":"","background-media":"","overlay-type":"","overlay-color":"","overlay-opacity":"","overlay-gradient":""}},"ast-content-background-meta":{"desktop":{"background-color":"var(--ast-global-color-5)","background-image":"","background-repeat":"repeat","background-position":"center center","background-size":"auto","background-attachment":"scroll","background-type":"","background-media":"","overlay-type":"","overlay-color":"","overlay-opacity":"","overlay-gradient":""},"tablet":{"background-color":"var(--ast-global-color-5)","background-image":"","background-repeat":"repeat","background-position":"center center","background-size":"auto","background-attachment":"scroll","background-type":"","background-media":"","overlay-type":"","overlay-color":"","overlay-opacity":"","overlay-gradient":""},"mobile":{"background-color":"var(--ast-global-color-5)","background-image":"","background-repeat":"repeat","background-position":"center center","background-size":"auto","background-attachment":"scroll","background-type":"","background-media":"","overlay-type":"","overlay-color":"","overlay-opacity":"","overlay-gradient":""}},"_joinchat":[]},"product_brand":[],"product_cat":[130,32],"product_tag":[82,86],"class_list":{"0":"post-4789","1":"product","2":"type-product","3":"status-publish","4":"has-post-thumbnail","6":"product_cat-single-malt","7":"product_cat-otroswhiskies","8":"product_tag-escoces","9":"product_tag-speyside","10":"desktop-align-left","11":"tablet-align-left","12":"mobile-align-left","13":"ast-product-gallery-layout-horizontal-slider","14":"ast-product-gallery-with-no-image","15":"ast-product-tabs-layout-horizontal","16":"ast-qv-on-image","18":"first","19":"instock","20":"shipping-taxable","21":"product-type-simple"},"uagb_featured_image_src":{"full":["https:\/\/whiskymaltargentina.com\/whiskyshop\/wp-content\/uploads\/2026\/03\/cardhu-gold-reserve-69c56e31e2eef.webp",1024,1024,false],"thumbnail":["https:\/\/whiskymaltargentina.com\/whiskyshop\/wp-content\/uploads\/2026\/03\/cardhu-gold-reserve-69c56e31e2eef-150x150.webp",150,150,true],"medium":["https:\/\/whiskymaltargentina.com\/whiskyshop\/wp-content\/uploads\/2026\/03\/cardhu-gold-reserve-69c56e31e2eef-300x300.webp",300,300,true],"medium_large":["https:\/\/whiskymaltargentina.com\/whiskyshop\/wp-content\/uploads\/2026\/03\/cardhu-gold-reserve-69c56e31e2eef-768x768.webp",768,768,true],"large":["https:\/\/whiskymaltargentina.com\/whiskyshop\/wp-content\/uploads\/2026\/03\/cardhu-gold-reserve-69c56e31e2eef.webp",1024,1024,false],"1536x1536":["https:\/\/whiskymaltargentina.com\/whiskyshop\/wp-content\/uploads\/2026\/03\/cardhu-gold-reserve-69c56e31e2eef.webp",1024,1024,false],"2048x2048":["https:\/\/whiskymaltargentina.com\/whiskyshop\/wp-content\/uploads\/2026\/03\/cardhu-gold-reserve-69c56e31e2eef.webp",1024,1024,false],"woocommerce_thumbnail":["https:\/\/whiskymaltargentina.com\/whiskyshop\/wp-content\/uploads\/2026\/03\/cardhu-gold-reserve-69c56e31e2eef-300x300.webp",300,300,true],"woocommerce_single":["https:\/\/whiskymaltargentina.com\/whiskyshop\/wp-content\/uploads\/2026\/03\/cardhu-gold-reserve-69c56e31e2eef-600x600.webp",600,600,true],"woocommerce_gallery_thumbnail":["https:\/\/whiskymaltargentina.com\/whiskyshop\/wp-content\/uploads\/2026\/03\/cardhu-gold-reserve-69c56e31e2eef-100x100.webp",100,100,true]},"uagb_author_info":{"display_name":"@Monroe3980","author_link":"https:\/\/whiskymaltargentina.com\/whiskyshop\/author\/"},"uagb_comment_info":0,"uagb_excerpt":"El Cardhu Gold Reserve es un single malt de Speyside pensado para ser suave, accesible y f\u00e1cil de tomar. Es una alternativa moderna al cl\u00e1sico Cardhu 12, con un perfil m\u00e1s frutado y un poco m\u00e1s dulce. Cardhu es una destiler\u00eda hist\u00f3rica muy importante porque gran parte de su producci\u00f3n se usa en los blends&hellip;","_links":{"self":[{"href":"https:\/\/whiskymaltargentina.com\/whiskyshop\/wp-json\/wp\/v2\/product\/4789","targetHints":{"allow":["GET"]}}],"collection":[{"href":"https:\/\/whiskymaltargentina.com\/whiskyshop\/wp-json\/wp\/v2\/product"}],"about":[{"href":"https:\/\/whiskymaltargentina.com\/whiskyshop\/wp-json\/wp\/v2\/types\/product"}],"replies":[{"embeddable":true,"href":"https:\/\/whiskymaltargentina.com\/whiskyshop\/wp-json\/wp\/v2\/comments?post=4789"}],"wp:featuredmedia":[{"embeddable":true,"href":"https:\/\/whiskymaltargentina.com\/whiskyshop\/wp-json\/wp\/v2\/media\/4665"}],"wp:attachment":[{"href":"https:\/\/whiskymaltargentina.com\/whiskyshop\/wp-json\/wp\/v2\/media?parent=4789"}],"wp:term":[{"taxonomy":"product_brand","embeddable":true,"href":"https:\/\/whiskymaltargentina.com\/whiskyshop\/wp-json\/wp\/v2\/product_brand?post=4789"},{"taxonomy":"product_cat","embeddable":true,"href":"https:\/\/whiskymaltargentina.com\/whiskyshop\/wp-json\/wp\/v2\/product_cat?post=4789"},{"taxonomy":"product_tag","embeddable":true,"href":"https:\/\/whiskymaltargentina.com\/whiskyshop\/wp-json\/wp\/v2\/product_tag?post=4789"}],"curies":[{"name":"wp","href":"https:\/\/api.w.org\/{rel}","templated":true}]}}