{"id":4745,"date":"2026-04-03T11:20:48","date_gmt":"2026-04-03T14:20:48","guid":{"rendered":"https:\/\/whiskymaltargentina.com\/whiskyshop\/?post_type=product&#038;p=4745"},"modified":"2026-04-03T11:21:07","modified_gmt":"2026-04-03T14:21:07","slug":"scarabus-special-selected","status":"publish","type":"product","link":"https:\/\/whiskymaltargentina.com\/whiskyshop\/producto\/scarabus-special-selected\/","title":{"rendered":"Scarabus Special Selected"},"content":{"rendered":"<p><strong data-start=\"107\" data-end=\"138\">Scarabus Specially Selected<\/strong> es un single malt escoc\u00e9s de la isla de Islay, embotellado por Hunter Laing, que expresa el cl\u00e1sico car\u00e1cter ahumado de la regi\u00f3n con un perfil equilibrado y accesible. Elaborado a partir de una selecci\u00f3n especial de barricas, se presenta a <strong data-start=\"380\" data-end=\"391\">46% ABV<\/strong>, sin filtrado en fr\u00edo y sin agregado de colorantes, respetando el estilo natural del whisky.<\/p>\n","protected":false},"excerpt":{"rendered":"<p>Scarabus Specially Selected es un single malt escoc\u00e9s de la isla de Islay, embotellado por Hunter Laing, que expresa el cl\u00e1sico car\u00e1cter ahumado de la regi\u00f3n con un perfil equilibrado y accesible. Elaborado a partir de una selecci\u00f3n especial de barricas, se presenta a 46% ABV, sin filtrado en fr\u00edo y sin agregado de colorantes, [&hellip;]<\/p>\n","protected":false},"featured_media":0,"comment_status":"closed","ping_status":"closed","template":"","meta":{"nf_dc_page":"","_uag_custom_page_level_css":"","site-sidebar-layout":"default","site-content-layout":"","ast-site-content-layout":"default","site-content-style":"default","site-sidebar-style":"default","ast-global-header-display":"","ast-banner-title-visibility":"","ast-main-header-display":"","ast-hfb-above-header-display":"","ast-hfb-below-header-display":"","ast-hfb-mobile-header-display":"","site-post-title":"","ast-breadcrumbs-content":"","ast-featured-img":"","footer-sml-layout":"","ast-disable-related-posts":"","theme-transparent-header-meta":"default","adv-header-id-meta":"","stick-header-meta":"default","header-above-stick-meta":"","header-main-stick-meta":"","header-below-stick-meta":"","astra-migrate-meta-layouts":"set","ast-page-background-enabled":"default","ast-page-background-meta":{"desktop":{"background-color":"","background-image":"","background-repeat":"repeat","background-position":"center center","background-size":"auto","background-attachment":"scroll","background-type":"","background-media":"","overlay-type":"","overlay-color":"","overlay-opacity":"","overlay-gradient":""},"tablet":{"background-color":"","background-image":"","background-repeat":"repeat","background-position":"center center","background-size":"auto","background-attachment":"scroll","background-type":"","background-media":"","overlay-type":"","overlay-color":"","overlay-opacity":"","overlay-gradient":""},"mobile":{"background-color":"","background-image":"","background-repeat":"repeat","background-position":"center center","background-size":"auto","background-attachment":"scroll","background-type":"","background-media":"","overlay-type":"","overlay-color":"","overlay-opacity":"","overlay-gradient":""}},"ast-content-background-meta":{"desktop":{"background-color":"var(--ast-global-color-5)","background-image":"","background-repeat":"repeat","background-position":"center center","background-size":"auto","background-attachment":"scroll","background-type":"","background-media":"","overlay-type":"","overlay-color":"","overlay-opacity":"","overlay-gradient":""},"tablet":{"background-color":"var(--ast-global-color-5)","background-image":"","background-repeat":"repeat","background-position":"center center","background-size":"auto","background-attachment":"scroll","background-type":"","background-media":"","overlay-type":"","overlay-color":"","overlay-opacity":"","overlay-gradient":""},"mobile":{"background-color":"var(--ast-global-color-5)","background-image":"","background-repeat":"repeat","background-position":"center center","background-size":"auto","background-attachment":"scroll","background-type":"","background-media":"","overlay-type":"","overlay-color":"","overlay-opacity":"","overlay-gradient":""}},"_joinchat":[]},"product_brand":[],"product_cat":[130,42],"product_tag":[82,175,55],"class_list":{"0":"post-4745","1":"product","2":"type-product","3":"status-publish","5":"product_cat-single-malt","6":"product_cat-productosexclusivos","7":"product_tag-escoces","8":"product_tag-islay","9":"product_tag-single-malt","10":"desktop-align-left","11":"tablet-align-left","12":"mobile-align-left","13":"ast-product-gallery-layout-horizontal-slider","14":"ast-product-gallery-with-no-image","15":"ast-product-tabs-layout-horizontal","16":"ast-qv-on-image","18":"first","19":"instock","20":"shipping-taxable","21":"product-type-simple"},"uagb_featured_image_src":{"full":false,"thumbnail":false,"medium":false,"medium_large":false,"large":false,"1536x1536":false,"2048x2048":false,"woocommerce_thumbnail":false,"woocommerce_single":false,"woocommerce_gallery_thumbnail":false},"uagb_author_info":{"display_name":"@Monroe3980","author_link":"https:\/\/whiskymaltargentina.com\/whiskyshop\/author\/"},"uagb_comment_info":0,"uagb_excerpt":"Scarabus Specially Selected es un single malt escoc\u00e9s de la isla de Islay, embotellado por Hunter Laing, que expresa el cl\u00e1sico car\u00e1cter ahumado de la regi\u00f3n con un perfil equilibrado y accesible. Elaborado a partir de una selecci\u00f3n especial de barricas, se presenta a 46% ABV, sin filtrado en fr\u00edo y sin agregado de colorantes,&hellip;","_links":{"self":[{"href":"https:\/\/whiskymaltargentina.com\/whiskyshop\/wp-json\/wp\/v2\/product\/4745","targetHints":{"allow":["GET"]}}],"collection":[{"href":"https:\/\/whiskymaltargentina.com\/whiskyshop\/wp-json\/wp\/v2\/product"}],"about":[{"href":"https:\/\/whiskymaltargentina.com\/whiskyshop\/wp-json\/wp\/v2\/types\/product"}],"replies":[{"embeddable":true,"href":"https:\/\/whiskymaltargentina.com\/whiskyshop\/wp-json\/wp\/v2\/comments?post=4745"}],"wp:attachment":[{"href":"https:\/\/whiskymaltargentina.com\/whiskyshop\/wp-json\/wp\/v2\/media?parent=4745"}],"wp:term":[{"taxonomy":"product_brand","embeddable":true,"href":"https:\/\/whiskymaltargentina.com\/whiskyshop\/wp-json\/wp\/v2\/product_brand?post=4745"},{"taxonomy":"product_cat","embeddable":true,"href":"https:\/\/whiskymaltargentina.com\/whiskyshop\/wp-json\/wp\/v2\/product_cat?post=4745"},{"taxonomy":"product_tag","embeddable":true,"href":"https:\/\/whiskymaltargentina.com\/whiskyshop\/wp-json\/wp\/v2\/product_tag?post=4745"}],"curies":[{"name":"wp","href":"https:\/\/api.w.org\/{rel}","templated":true}]}}