{"id":4742,"date":"2026-04-03T11:06:51","date_gmt":"2026-04-03T14:06:51","guid":{"rendered":"https:\/\/whiskymaltargentina.com\/whiskyshop\/?post_type=product&#038;p=4742"},"modified":"2026-04-03T11:07:06","modified_gmt":"2026-04-03T14:07:06","slug":"glenfiddich-especial-old-reserve-18-anos","status":"publish","type":"product","link":"https:\/\/whiskymaltargentina.com\/whiskyshop\/producto\/glenfiddich-especial-old-reserve-18-anos\/","title":{"rendered":"Glenfiddich Especial Old Reserve 18 a\u00f1os"},"content":{"rendered":"<p data-start=\"131\" data-end=\"601\">El <strong data-start=\"134\" data-end=\"177\">Glenfiddich Special Old Reserve 18 a\u00f1os<\/strong> en decanter de cer\u00e1mica verde es una presentaci\u00f3n ic\u00f3nica y altamente coleccionable de la destiler\u00eda Glenfiddich, una de las m\u00e1s reconocidas de la regi\u00f3n de Speyside, Escocia. Embotellado en una elegante vasija de cer\u00e1mica con el emblem\u00e1tico ciervo en relieve, este formato fue producido principalmente entre las d\u00e9cadas de 1970 y 1980, combinando la tradici\u00f3n del single malt escoc\u00e9s con una est\u00e9tica cl\u00e1sica y distintiva.<\/p>\n<p data-start=\"603\" data-end=\"908\">La cer\u00e1mica, adem\u00e1s de su atractivo visual, protege al whisky de la luz, favoreciendo una conservaci\u00f3n \u00f3ptima a lo largo del tiempo. Estas ediciones especiales fueron creadas como piezas de presentaci\u00f3n y regalo, convirti\u00e9ndose con los a\u00f1os en objetos muy buscados por coleccionistas y amantes del whisky.<\/p>\n","protected":false},"excerpt":{"rendered":"<p>El Glenfiddich Special Old Reserve 18 a\u00f1os en decanter de cer\u00e1mica verde es una presentaci\u00f3n ic\u00f3nica y altamente coleccionable de la destiler\u00eda Glenfiddich, una de las m\u00e1s reconocidas de la regi\u00f3n de Speyside, Escocia. Embotellado en una elegante vasija de cer\u00e1mica con el emblem\u00e1tico ciervo en relieve, este formato fue producido principalmente entre las d\u00e9cadas [&hellip;]<\/p>\n","protected":false},"featured_media":4738,"comment_status":"closed","ping_status":"closed","template":"","meta":{"nf_dc_page":"","_uag_custom_page_level_css":"","site-sidebar-layout":"default","site-content-layout":"","ast-site-content-layout":"default","site-content-style":"default","site-sidebar-style":"default","ast-global-header-display":"","ast-banner-title-visibility":"","ast-main-header-display":"","ast-hfb-above-header-display":"","ast-hfb-below-header-display":"","ast-hfb-mobile-header-display":"","site-post-title":"","ast-breadcrumbs-content":"","ast-featured-img":"","footer-sml-layout":"","ast-disable-related-posts":"","theme-transparent-header-meta":"default","adv-header-id-meta":"","stick-header-meta":"default","header-above-stick-meta":"","header-main-stick-meta":"","header-below-stick-meta":"","astra-migrate-meta-layouts":"set","ast-page-background-enabled":"default","ast-page-background-meta":{"desktop":{"background-color":"","background-image":"","background-repeat":"repeat","background-position":"center center","background-size":"auto","background-attachment":"scroll","background-type":"","background-media":"","overlay-type":"","overlay-color":"","overlay-opacity":"","overlay-gradient":""},"tablet":{"background-color":"","background-image":"","background-repeat":"repeat","background-position":"center center","background-size":"auto","background-attachment":"scroll","background-type":"","background-media":"","overlay-type":"","overlay-color":"","overlay-opacity":"","overlay-gradient":""},"mobile":{"background-color":"","background-image":"","background-repeat":"repeat","background-position":"center center","background-size":"auto","background-attachment":"scroll","background-type":"","background-media":"","overlay-type":"","overlay-color":"","overlay-opacity":"","overlay-gradient":""}},"ast-content-background-meta":{"desktop":{"background-color":"var(--ast-global-color-5)","background-image":"","background-repeat":"repeat","background-position":"center center","background-size":"auto","background-attachment":"scroll","background-type":"","background-media":"","overlay-type":"","overlay-color":"","overlay-opacity":"","overlay-gradient":""},"tablet":{"background-color":"var(--ast-global-color-5)","background-image":"","background-repeat":"repeat","background-position":"center center","background-size":"auto","background-attachment":"scroll","background-type":"","background-media":"","overlay-type":"","overlay-color":"","overlay-opacity":"","overlay-gradient":""},"mobile":{"background-color":"var(--ast-global-color-5)","background-image":"","background-repeat":"repeat","background-position":"center center","background-size":"auto","background-attachment":"scroll","background-type":"","background-media":"","overlay-type":"","overlay-color":"","overlay-opacity":"","overlay-gradient":""}},"_joinchat":[]},"product_brand":[],"product_cat":[177,130,32],"product_tag":[],"class_list":{"0":"post-4742","1":"product","2":"type-product","3":"status-publish","4":"has-post-thumbnail","6":"product_cat-glenfiddich","7":"product_cat-single-malt","8":"product_cat-otroswhiskies","9":"desktop-align-left","10":"tablet-align-left","11":"mobile-align-left","12":"ast-product-gallery-layout-horizontal-slider","13":"ast-product-tabs-layout-horizontal","14":"ast-qv-on-image","16":"first","17":"instock","18":"shipping-taxable","19":"product-type-simple"},"uagb_featured_image_src":{"full":["https:\/\/whiskymaltargentina.com\/whiskyshop\/wp-content\/uploads\/2026\/04\/27-69cd74f7a1437.webp",1024,1024,false],"thumbnail":["https:\/\/whiskymaltargentina.com\/whiskyshop\/wp-content\/uploads\/2026\/04\/27-69cd74f7a1437-150x150.webp",150,150,true],"medium":["https:\/\/whiskymaltargentina.com\/whiskyshop\/wp-content\/uploads\/2026\/04\/27-69cd74f7a1437-300x300.webp",300,300,true],"medium_large":["https:\/\/whiskymaltargentina.com\/whiskyshop\/wp-content\/uploads\/2026\/04\/27-69cd74f7a1437-768x768.webp",768,768,true],"large":["https:\/\/whiskymaltargentina.com\/whiskyshop\/wp-content\/uploads\/2026\/04\/27-69cd74f7a1437.webp",1024,1024,false],"1536x1536":["https:\/\/whiskymaltargentina.com\/whiskyshop\/wp-content\/uploads\/2026\/04\/27-69cd74f7a1437.webp",1024,1024,false],"2048x2048":["https:\/\/whiskymaltargentina.com\/whiskyshop\/wp-content\/uploads\/2026\/04\/27-69cd74f7a1437.webp",1024,1024,false],"woocommerce_thumbnail":["https:\/\/whiskymaltargentina.com\/whiskyshop\/wp-content\/uploads\/2026\/04\/27-69cd74f7a1437-300x300.webp",300,300,true],"woocommerce_single":["https:\/\/whiskymaltargentina.com\/whiskyshop\/wp-content\/uploads\/2026\/04\/27-69cd74f7a1437-600x600.webp",600,600,true],"woocommerce_gallery_thumbnail":["https:\/\/whiskymaltargentina.com\/whiskyshop\/wp-content\/uploads\/2026\/04\/27-69cd74f7a1437-100x100.webp",100,100,true]},"uagb_author_info":{"display_name":"@Monroe3980","author_link":"https:\/\/whiskymaltargentina.com\/whiskyshop\/author\/"},"uagb_comment_info":0,"uagb_excerpt":"El Glenfiddich Special Old Reserve 18 a\u00f1os en decanter de cer\u00e1mica verde es una presentaci\u00f3n ic\u00f3nica y altamente coleccionable de la destiler\u00eda Glenfiddich, una de las m\u00e1s reconocidas de la regi\u00f3n de Speyside, Escocia. Embotellado en una elegante vasija de cer\u00e1mica con el emblem\u00e1tico ciervo en relieve, este formato fue producido principalmente entre las d\u00e9cadas&hellip;","_links":{"self":[{"href":"https:\/\/whiskymaltargentina.com\/whiskyshop\/wp-json\/wp\/v2\/product\/4742","targetHints":{"allow":["GET"]}}],"collection":[{"href":"https:\/\/whiskymaltargentina.com\/whiskyshop\/wp-json\/wp\/v2\/product"}],"about":[{"href":"https:\/\/whiskymaltargentina.com\/whiskyshop\/wp-json\/wp\/v2\/types\/product"}],"replies":[{"embeddable":true,"href":"https:\/\/whiskymaltargentina.com\/whiskyshop\/wp-json\/wp\/v2\/comments?post=4742"}],"wp:featuredmedia":[{"embeddable":true,"href":"https:\/\/whiskymaltargentina.com\/whiskyshop\/wp-json\/wp\/v2\/media\/4738"}],"wp:attachment":[{"href":"https:\/\/whiskymaltargentina.com\/whiskyshop\/wp-json\/wp\/v2\/media?parent=4742"}],"wp:term":[{"taxonomy":"product_brand","embeddable":true,"href":"https:\/\/whiskymaltargentina.com\/whiskyshop\/wp-json\/wp\/v2\/product_brand?post=4742"},{"taxonomy":"product_cat","embeddable":true,"href":"https:\/\/whiskymaltargentina.com\/whiskyshop\/wp-json\/wp\/v2\/product_cat?post=4742"},{"taxonomy":"product_tag","embeddable":true,"href":"https:\/\/whiskymaltargentina.com\/whiskyshop\/wp-json\/wp\/v2\/product_tag?post=4742"}],"curies":[{"name":"wp","href":"https:\/\/api.w.org\/{rel}","templated":true}]}}