{"id":4703,"date":"2026-03-30T14:14:36","date_gmt":"2026-03-30T17:14:36","guid":{"rendered":"https:\/\/whiskymaltargentina.com\/whiskyshop\/?post_type=product&#038;p=4703"},"modified":"2026-03-30T14:14:55","modified_gmt":"2026-03-30T17:14:55","slug":"the-glenrothes-sherry-cask-reserve","status":"publish","type":"product","link":"https:\/\/whiskymaltargentina.com\/whiskyshop\/producto\/the-glenrothes-sherry-cask-reserve\/","title":{"rendered":"THE GLENROTHES \u2013 Sherry Cask Reserve"},"content":{"rendered":"<p data-start=\"239\" data-end=\"546\">The Glenrothes Sherry Cask Reserve es un single malt madurado exclusivamente en barricas de jerez, lo que le aporta profundidad, elegancia y gran riqueza arom\u00e1tica. Su perfil refleja el estilo cl\u00e1sico de Speyside, con una textura suave y un equilibrio perfecto entre dulzura y especias.<\/p>\n<p data-start=\"548\" data-end=\"656\">Una expresi\u00f3n intensa y sofisticada, ideal para quienes disfrutan whiskies con car\u00e1cter y final persistente.<\/p>\n","protected":false},"excerpt":{"rendered":"<p>The Glenrothes Sherry Cask Reserve es un single malt madurado exclusivamente en barricas de jerez, lo que le aporta profundidad, elegancia y gran riqueza arom\u00e1tica. Su perfil refleja el estilo cl\u00e1sico de Speyside, con una textura suave y un equilibrio perfecto entre dulzura y especias. Una expresi\u00f3n intensa y sofisticada, ideal para quienes disfrutan whiskies [&hellip;]<\/p>\n","protected":false},"featured_media":4670,"comment_status":"closed","ping_status":"closed","template":"","meta":{"nf_dc_page":"","_uag_custom_page_level_css":"","site-sidebar-layout":"default","site-content-layout":"","ast-site-content-layout":"default","site-content-style":"default","site-sidebar-style":"default","ast-global-header-display":"","ast-banner-title-visibility":"","ast-main-header-display":"","ast-hfb-above-header-display":"","ast-hfb-below-header-display":"","ast-hfb-mobile-header-display":"","site-post-title":"","ast-breadcrumbs-content":"","ast-featured-img":"","footer-sml-layout":"","ast-disable-related-posts":"","theme-transparent-header-meta":"default","adv-header-id-meta":"","stick-header-meta":"default","header-above-stick-meta":"","header-main-stick-meta":"","header-below-stick-meta":"","astra-migrate-meta-layouts":"set","ast-page-background-enabled":"default","ast-page-background-meta":{"desktop":{"background-color":"","background-image":"","background-repeat":"repeat","background-position":"center center","background-size":"auto","background-attachment":"scroll","background-type":"","background-media":"","overlay-type":"","overlay-color":"","overlay-opacity":"","overlay-gradient":""},"tablet":{"background-color":"","background-image":"","background-repeat":"repeat","background-position":"center center","background-size":"auto","background-attachment":"scroll","background-type":"","background-media":"","overlay-type":"","overlay-color":"","overlay-opacity":"","overlay-gradient":""},"mobile":{"background-color":"","background-image":"","background-repeat":"repeat","background-position":"center center","background-size":"auto","background-attachment":"scroll","background-type":"","background-media":"","overlay-type":"","overlay-color":"","overlay-opacity":"","overlay-gradient":""}},"ast-content-background-meta":{"desktop":{"background-color":"var(--ast-global-color-5)","background-image":"","background-repeat":"repeat","background-position":"center center","background-size":"auto","background-attachment":"scroll","background-type":"","background-media":"","overlay-type":"","overlay-color":"","overlay-opacity":"","overlay-gradient":""},"tablet":{"background-color":"var(--ast-global-color-5)","background-image":"","background-repeat":"repeat","background-position":"center center","background-size":"auto","background-attachment":"scroll","background-type":"","background-media":"","overlay-type":"","overlay-color":"","overlay-opacity":"","overlay-gradient":""},"mobile":{"background-color":"var(--ast-global-color-5)","background-image":"","background-repeat":"repeat","background-position":"center center","background-size":"auto","background-attachment":"scroll","background-type":"","background-media":"","overlay-type":"","overlay-color":"","overlay-opacity":"","overlay-gradient":""}},"_joinchat":[]},"product_brand":[],"product_cat":[135],"product_tag":[82,83,55,86],"class_list":{"0":"post-4703","1":"product","2":"type-product","3":"status-publish","4":"has-post-thumbnail","6":"product_cat-single-malt-scotch-whisky","7":"product_tag-escoces","8":"product_tag-sherry","9":"product_tag-single-malt","10":"product_tag-speyside","11":"desktop-align-left","12":"tablet-align-left","13":"mobile-align-left","14":"ast-product-gallery-layout-horizontal-slider","15":"ast-product-tabs-layout-horizontal","16":"ast-qv-on-image","18":"first","19":"instock","20":"shipping-taxable","21":"product-type-simple"},"uagb_featured_image_src":{"full":["https:\/\/whiskymaltargentina.com\/whiskyshop\/wp-content\/uploads\/2026\/03\/glenrothes-sherry-cask-69c56e33537c0.webp",1024,1024,false],"thumbnail":["https:\/\/whiskymaltargentina.com\/whiskyshop\/wp-content\/uploads\/2026\/03\/glenrothes-sherry-cask-69c56e33537c0-150x150.webp",150,150,true],"medium":["https:\/\/whiskymaltargentina.com\/whiskyshop\/wp-content\/uploads\/2026\/03\/glenrothes-sherry-cask-69c56e33537c0-300x300.webp",300,300,true],"medium_large":["https:\/\/whiskymaltargentina.com\/whiskyshop\/wp-content\/uploads\/2026\/03\/glenrothes-sherry-cask-69c56e33537c0-768x768.webp",768,768,true],"large":["https:\/\/whiskymaltargentina.com\/whiskyshop\/wp-content\/uploads\/2026\/03\/glenrothes-sherry-cask-69c56e33537c0.webp",1024,1024,false],"1536x1536":["https:\/\/whiskymaltargentina.com\/whiskyshop\/wp-content\/uploads\/2026\/03\/glenrothes-sherry-cask-69c56e33537c0.webp",1024,1024,false],"2048x2048":["https:\/\/whiskymaltargentina.com\/whiskyshop\/wp-content\/uploads\/2026\/03\/glenrothes-sherry-cask-69c56e33537c0.webp",1024,1024,false],"woocommerce_thumbnail":["https:\/\/whiskymaltargentina.com\/whiskyshop\/wp-content\/uploads\/2026\/03\/glenrothes-sherry-cask-69c56e33537c0-300x300.webp",300,300,true],"woocommerce_single":["https:\/\/whiskymaltargentina.com\/whiskyshop\/wp-content\/uploads\/2026\/03\/glenrothes-sherry-cask-69c56e33537c0-600x600.webp",600,600,true],"woocommerce_gallery_thumbnail":["https:\/\/whiskymaltargentina.com\/whiskyshop\/wp-content\/uploads\/2026\/03\/glenrothes-sherry-cask-69c56e33537c0-100x100.webp",100,100,true]},"uagb_author_info":{"display_name":"@Monroe3980","author_link":"https:\/\/whiskymaltargentina.com\/whiskyshop\/author\/"},"uagb_comment_info":0,"uagb_excerpt":"The Glenrothes Sherry Cask Reserve es un single malt madurado exclusivamente en barricas de jerez, lo que le aporta profundidad, elegancia y gran riqueza arom\u00e1tica. Su perfil refleja el estilo cl\u00e1sico de Speyside, con una textura suave y un equilibrio perfecto entre dulzura y especias. Una expresi\u00f3n intensa y sofisticada, ideal para quienes disfrutan whiskies&hellip;","_links":{"self":[{"href":"https:\/\/whiskymaltargentina.com\/whiskyshop\/wp-json\/wp\/v2\/product\/4703","targetHints":{"allow":["GET"]}}],"collection":[{"href":"https:\/\/whiskymaltargentina.com\/whiskyshop\/wp-json\/wp\/v2\/product"}],"about":[{"href":"https:\/\/whiskymaltargentina.com\/whiskyshop\/wp-json\/wp\/v2\/types\/product"}],"replies":[{"embeddable":true,"href":"https:\/\/whiskymaltargentina.com\/whiskyshop\/wp-json\/wp\/v2\/comments?post=4703"}],"wp:featuredmedia":[{"embeddable":true,"href":"https:\/\/whiskymaltargentina.com\/whiskyshop\/wp-json\/wp\/v2\/media\/4670"}],"wp:attachment":[{"href":"https:\/\/whiskymaltargentina.com\/whiskyshop\/wp-json\/wp\/v2\/media?parent=4703"}],"wp:term":[{"taxonomy":"product_brand","embeddable":true,"href":"https:\/\/whiskymaltargentina.com\/whiskyshop\/wp-json\/wp\/v2\/product_brand?post=4703"},{"taxonomy":"product_cat","embeddable":true,"href":"https:\/\/whiskymaltargentina.com\/whiskyshop\/wp-json\/wp\/v2\/product_cat?post=4703"},{"taxonomy":"product_tag","embeddable":true,"href":"https:\/\/whiskymaltargentina.com\/whiskyshop\/wp-json\/wp\/v2\/product_tag?post=4703"}],"curies":[{"name":"wp","href":"https:\/\/api.w.org\/{rel}","templated":true}]}}