{"id":4698,"date":"2026-03-30T13:19:39","date_gmt":"2026-03-30T16:19:39","guid":{"rendered":"https:\/\/whiskymaltargentina.com\/whiskyshop\/?post_type=product&#038;p=4698"},"modified":"2026-03-30T13:20:28","modified_gmt":"2026-03-30T16:20:28","slug":"the-glen-grant-12yo-kit","status":"publish","type":"product","link":"https:\/\/whiskymaltargentina.com\/whiskyshop\/producto\/the-glen-grant-12yo-kit\/","title":{"rendered":"The Glen Grant 12Yo Kit"},"content":{"rendered":"<p data-start=\"189\" data-end=\"486\">Fundada en 1840 por los hermanos John y James Grant en Rothes, Speyside, The Glen Grant se distingue por su estilo elegante y refinado. Su proceso utiliza altos alambiques que capturan solo los vapores m\u00e1s ligeros, logrando un whisky de perfil delicado, frutado y equilibrado.<\/p>\n<p data-start=\"488\" data-end=\"760\">Durante generaciones, la destiler\u00eda ha combinado innovaci\u00f3n e inspiraci\u00f3n en la naturaleza para crear single malts complejos y arm\u00f3nicos. Bajo la supervisi\u00f3n del Master Distiller Dennis Malcolm, cada expresi\u00f3n refleja la perfecta integraci\u00f3n entre whisky, madera y tiempo.<\/p>\n<p data-start=\"762\" data-end=\"849\"><strong data-start=\"762\" data-end=\"780\">Notas de cata:<\/strong><br data-start=\"780\" data-end=\"783\" \/>Perfil fresco y frutado, con textura suave y elegante complejidad.<\/p>\n","protected":false},"excerpt":{"rendered":"<p>Fundada en 1840 por los hermanos John y James Grant en Rothes, Speyside, The Glen Grant se distingue por su estilo elegante y refinado. Su proceso utiliza altos alambiques que capturan solo los vapores m\u00e1s ligeros, logrando un whisky de perfil delicado, frutado y equilibrado. Durante generaciones, la destiler\u00eda ha combinado innovaci\u00f3n e inspiraci\u00f3n en [&hellip;]<\/p>\n","protected":false},"featured_media":4682,"comment_status":"closed","ping_status":"closed","template":"","meta":{"nf_dc_page":"","_uag_custom_page_level_css":"","site-sidebar-layout":"default","site-content-layout":"","ast-site-content-layout":"default","site-content-style":"default","site-sidebar-style":"default","ast-global-header-display":"","ast-banner-title-visibility":"","ast-main-header-display":"","ast-hfb-above-header-display":"","ast-hfb-below-header-display":"","ast-hfb-mobile-header-display":"","site-post-title":"","ast-breadcrumbs-content":"","ast-featured-img":"","footer-sml-layout":"","ast-disable-related-posts":"","theme-transparent-header-meta":"default","adv-header-id-meta":"","stick-header-meta":"default","header-above-stick-meta":"","header-main-stick-meta":"","header-below-stick-meta":"","astra-migrate-meta-layouts":"set","ast-page-background-enabled":"default","ast-page-background-meta":{"desktop":{"background-color":"","background-image":"","background-repeat":"repeat","background-position":"center center","background-size":"auto","background-attachment":"scroll","background-type":"","background-media":"","overlay-type":"","overlay-color":"","overlay-opacity":"","overlay-gradient":""},"tablet":{"background-color":"","background-image":"","background-repeat":"repeat","background-position":"center center","background-size":"auto","background-attachment":"scroll","background-type":"","background-media":"","overlay-type":"","overlay-color":"","overlay-opacity":"","overlay-gradient":""},"mobile":{"background-color":"","background-image":"","background-repeat":"repeat","background-position":"center center","background-size":"auto","background-attachment":"scroll","background-type":"","background-media":"","overlay-type":"","overlay-color":"","overlay-opacity":"","overlay-gradient":""}},"ast-content-background-meta":{"desktop":{"background-color":"var(--ast-global-color-5)","background-image":"","background-repeat":"repeat","background-position":"center center","background-size":"auto","background-attachment":"scroll","background-type":"","background-media":"","overlay-type":"","overlay-color":"","overlay-opacity":"","overlay-gradient":""},"tablet":{"background-color":"var(--ast-global-color-5)","background-image":"","background-repeat":"repeat","background-position":"center center","background-size":"auto","background-attachment":"scroll","background-type":"","background-media":"","overlay-type":"","overlay-color":"","overlay-opacity":"","overlay-gradient":""},"mobile":{"background-color":"var(--ast-global-color-5)","background-image":"","background-repeat":"repeat","background-position":"center center","background-size":"auto","background-attachment":"scroll","background-type":"","background-media":"","overlay-type":"","overlay-color":"","overlay-opacity":"","overlay-gradient":""}},"_joinchat":[]},"product_brand":[],"product_cat":[130,135,42],"product_tag":[91,82,86],"class_list":{"0":"post-4698","1":"product","2":"type-product","3":"status-publish","4":"has-post-thumbnail","6":"product_cat-single-malt","7":"product_cat-single-malt-scotch-whisky","8":"product_cat-productosexclusivos","9":"product_tag-12yo","10":"product_tag-escoces","11":"product_tag-speyside","12":"desktop-align-left","13":"tablet-align-left","14":"mobile-align-left","15":"ast-product-gallery-layout-horizontal-slider","16":"ast-product-tabs-layout-horizontal","17":"ast-qv-on-image","19":"first","20":"instock","21":"shipping-taxable","22":"product-type-simple"},"uagb_featured_image_src":{"full":["https:\/\/whiskymaltargentina.com\/whiskyshop\/wp-content\/uploads\/2026\/03\/set-the-glengrant-single-malt-69c56e37bf7e1.webp",1024,1024,false],"thumbnail":["https:\/\/whiskymaltargentina.com\/whiskyshop\/wp-content\/uploads\/2026\/03\/set-the-glengrant-single-malt-69c56e37bf7e1-150x150.webp",150,150,true],"medium":["https:\/\/whiskymaltargentina.com\/whiskyshop\/wp-content\/uploads\/2026\/03\/set-the-glengrant-single-malt-69c56e37bf7e1-300x300.webp",300,300,true],"medium_large":["https:\/\/whiskymaltargentina.com\/whiskyshop\/wp-content\/uploads\/2026\/03\/set-the-glengrant-single-malt-69c56e37bf7e1-768x768.webp",768,768,true],"large":["https:\/\/whiskymaltargentina.com\/whiskyshop\/wp-content\/uploads\/2026\/03\/set-the-glengrant-single-malt-69c56e37bf7e1.webp",1024,1024,false],"1536x1536":["https:\/\/whiskymaltargentina.com\/whiskyshop\/wp-content\/uploads\/2026\/03\/set-the-glengrant-single-malt-69c56e37bf7e1.webp",1024,1024,false],"2048x2048":["https:\/\/whiskymaltargentina.com\/whiskyshop\/wp-content\/uploads\/2026\/03\/set-the-glengrant-single-malt-69c56e37bf7e1.webp",1024,1024,false],"woocommerce_thumbnail":["https:\/\/whiskymaltargentina.com\/whiskyshop\/wp-content\/uploads\/2026\/03\/set-the-glengrant-single-malt-69c56e37bf7e1-300x300.webp",300,300,true],"woocommerce_single":["https:\/\/whiskymaltargentina.com\/whiskyshop\/wp-content\/uploads\/2026\/03\/set-the-glengrant-single-malt-69c56e37bf7e1-600x600.webp",600,600,true],"woocommerce_gallery_thumbnail":["https:\/\/whiskymaltargentina.com\/whiskyshop\/wp-content\/uploads\/2026\/03\/set-the-glengrant-single-malt-69c56e37bf7e1-100x100.webp",100,100,true]},"uagb_author_info":{"display_name":"@Monroe3980","author_link":"https:\/\/whiskymaltargentina.com\/whiskyshop\/author\/"},"uagb_comment_info":0,"uagb_excerpt":"Fundada en 1840 por los hermanos John y James Grant en Rothes, Speyside, The Glen Grant se distingue por su estilo elegante y refinado. Su proceso utiliza altos alambiques que capturan solo los vapores m\u00e1s ligeros, logrando un whisky de perfil delicado, frutado y equilibrado. Durante generaciones, la destiler\u00eda ha combinado innovaci\u00f3n e inspiraci\u00f3n en&hellip;","_links":{"self":[{"href":"https:\/\/whiskymaltargentina.com\/whiskyshop\/wp-json\/wp\/v2\/product\/4698","targetHints":{"allow":["GET"]}}],"collection":[{"href":"https:\/\/whiskymaltargentina.com\/whiskyshop\/wp-json\/wp\/v2\/product"}],"about":[{"href":"https:\/\/whiskymaltargentina.com\/whiskyshop\/wp-json\/wp\/v2\/types\/product"}],"replies":[{"embeddable":true,"href":"https:\/\/whiskymaltargentina.com\/whiskyshop\/wp-json\/wp\/v2\/comments?post=4698"}],"wp:featuredmedia":[{"embeddable":true,"href":"https:\/\/whiskymaltargentina.com\/whiskyshop\/wp-json\/wp\/v2\/media\/4682"}],"wp:attachment":[{"href":"https:\/\/whiskymaltargentina.com\/whiskyshop\/wp-json\/wp\/v2\/media?parent=4698"}],"wp:term":[{"taxonomy":"product_brand","embeddable":true,"href":"https:\/\/whiskymaltargentina.com\/whiskyshop\/wp-json\/wp\/v2\/product_brand?post=4698"},{"taxonomy":"product_cat","embeddable":true,"href":"https:\/\/whiskymaltargentina.com\/whiskyshop\/wp-json\/wp\/v2\/product_cat?post=4698"},{"taxonomy":"product_tag","embeddable":true,"href":"https:\/\/whiskymaltargentina.com\/whiskyshop\/wp-json\/wp\/v2\/product_tag?post=4698"}],"curies":[{"name":"wp","href":"https:\/\/api.w.org\/{rel}","templated":true}]}}