{"id":4469,"date":"2025-09-01T15:30:14","date_gmt":"2025-09-01T15:30:14","guid":{"rendered":"https:\/\/whiskymaltargentina.com\/whiskyshop\/producto\/craigellachie-17-anos-single-malt-scotch-whisky\/"},"modified":"2026-03-25T13:56:09","modified_gmt":"2026-03-25T16:56:09","slug":"craigellachie-17-anos-single-malt-scotch-whisky","status":"publish","type":"product","link":"https:\/\/whiskymaltargentina.com\/whiskyshop\/producto\/craigellachie-17-anos-single-malt-scotch-whisky\/","title":{"rendered":"Craigellachie 17 A\u00f1os Single Malt Scotch Whisky"},"content":{"rendered":"","protected":false},"excerpt":{"rendered":"<p>Una expresi\u00f3n m\u00e1s madura, Craigellachie 17 A\u00f1os es un single malt que combina la audacia de la destiler\u00eda con una complejidad y suavidad superiores.<\/p>\n","protected":false},"featured_media":4335,"comment_status":"closed","ping_status":"closed","template":"","meta":{"nf_dc_page":"","_uag_custom_page_level_css":"","site-sidebar-layout":"default","site-content-layout":"","ast-site-content-layout":"default","site-content-style":"default","site-sidebar-style":"default","ast-global-header-display":"","ast-banner-title-visibility":"","ast-main-header-display":"","ast-hfb-above-header-display":"","ast-hfb-below-header-display":"","ast-hfb-mobile-header-display":"","site-post-title":"","ast-breadcrumbs-content":"","ast-featured-img":"","footer-sml-layout":"","ast-disable-related-posts":"","theme-transparent-header-meta":"","adv-header-id-meta":"","stick-header-meta":"","header-above-stick-meta":"","header-main-stick-meta":"","header-below-stick-meta":"","astra-migrate-meta-layouts":"default","ast-page-background-enabled":"default","ast-page-background-meta":{"desktop":{"background-color":"","background-image":"","background-repeat":"repeat","background-position":"center center","background-size":"auto","background-attachment":"scroll","background-type":"","background-media":"","overlay-type":"","overlay-color":"","overlay-opacity":"","overlay-gradient":""},"tablet":{"background-color":"","background-image":"","background-repeat":"repeat","background-position":"center center","background-size":"auto","background-attachment":"scroll","background-type":"","background-media":"","overlay-type":"","overlay-color":"","overlay-opacity":"","overlay-gradient":""},"mobile":{"background-color":"","background-image":"","background-repeat":"repeat","background-position":"center center","background-size":"auto","background-attachment":"scroll","background-type":"","background-media":"","overlay-type":"","overlay-color":"","overlay-opacity":"","overlay-gradient":""}},"ast-content-background-meta":{"desktop":{"background-color":"var(--ast-global-color-5)","background-image":"","background-repeat":"repeat","background-position":"center center","background-size":"auto","background-attachment":"scroll","background-type":"","background-media":"","overlay-type":"","overlay-color":"","overlay-opacity":"","overlay-gradient":""},"tablet":{"background-color":"var(--ast-global-color-5)","background-image":"","background-repeat":"repeat","background-position":"center center","background-size":"auto","background-attachment":"scroll","background-type":"","background-media":"","overlay-type":"","overlay-color":"","overlay-opacity":"","overlay-gradient":""},"mobile":{"background-color":"var(--ast-global-color-5)","background-image":"","background-repeat":"repeat","background-position":"center center","background-size":"auto","background-attachment":"scroll","background-type":"","background-media":"","overlay-type":"","overlay-color":"","overlay-opacity":"","overlay-gradient":""}},"_joinchat":[]},"product_brand":[],"product_cat":[125,130,15],"product_tag":[173,162,55],"class_list":{"0":"post-4469","1":"product","2":"type-product","3":"status-publish","4":"has-post-thumbnail","6":"product_cat-repetida-de-la-coleccion","7":"product_cat-single-malt","8":"product_cat-uncategorized","9":"product_tag-17yo","10":"product_tag-scotch-whisky","11":"product_tag-single-malt","12":"desktop-align-left","13":"tablet-align-left","14":"mobile-align-left","15":"ast-product-gallery-layout-horizontal-slider","16":"ast-product-gallery-with-no-image","17":"ast-product-tabs-layout-horizontal","18":"ast-qv-on-image","20":"first","21":"instock","22":"shipping-taxable","23":"product-type-simple"},"uagb_featured_image_src":{"full":["https:\/\/whiskymaltargentina.com\/whiskyshop\/wp-content\/uploads\/2025\/08\/xDSC_7860.webp",1000,1278,false],"thumbnail":["https:\/\/whiskymaltargentina.com\/whiskyshop\/wp-content\/uploads\/2025\/08\/xDSC_7860-150x150.webp",150,150,true],"medium":["https:\/\/whiskymaltargentina.com\/whiskyshop\/wp-content\/uploads\/2025\/08\/xDSC_7860-235x300.webp",235,300,true],"medium_large":["https:\/\/whiskymaltargentina.com\/whiskyshop\/wp-content\/uploads\/2025\/08\/xDSC_7860-768x982.webp",768,982,true],"large":["https:\/\/whiskymaltargentina.com\/whiskyshop\/wp-content\/uploads\/2025\/08\/xDSC_7860-801x1024.webp",801,1024,true],"1536x1536":["https:\/\/whiskymaltargentina.com\/whiskyshop\/wp-content\/uploads\/2025\/08\/xDSC_7860.webp",1000,1278,false],"2048x2048":["https:\/\/whiskymaltargentina.com\/whiskyshop\/wp-content\/uploads\/2025\/08\/xDSC_7860.webp",1000,1278,false],"woocommerce_thumbnail":["https:\/\/whiskymaltargentina.com\/whiskyshop\/wp-content\/uploads\/2025\/08\/xDSC_7860-300x300.webp",300,300,true],"woocommerce_single":["https:\/\/whiskymaltargentina.com\/whiskyshop\/wp-content\/uploads\/2025\/08\/xDSC_7860-600x767.webp",600,767,true],"woocommerce_gallery_thumbnail":["https:\/\/whiskymaltargentina.com\/whiskyshop\/wp-content\/uploads\/2025\/08\/xDSC_7860-100x100.webp",100,100,true]},"uagb_author_info":{"display_name":"@Monroe3980","author_link":"https:\/\/whiskymaltargentina.com\/whiskyshop\/author\/"},"uagb_comment_info":0,"uagb_excerpt":"Una expresi\u00f3n m\u00e1s madura, Craigellachie 17 A\u00f1os es un single malt que combina la audacia de la destiler\u00eda con una complejidad y suavidad superiores.","_links":{"self":[{"href":"https:\/\/whiskymaltargentina.com\/whiskyshop\/wp-json\/wp\/v2\/product\/4469","targetHints":{"allow":["GET"]}}],"collection":[{"href":"https:\/\/whiskymaltargentina.com\/whiskyshop\/wp-json\/wp\/v2\/product"}],"about":[{"href":"https:\/\/whiskymaltargentina.com\/whiskyshop\/wp-json\/wp\/v2\/types\/product"}],"replies":[{"embeddable":true,"href":"https:\/\/whiskymaltargentina.com\/whiskyshop\/wp-json\/wp\/v2\/comments?post=4469"}],"wp:featuredmedia":[{"embeddable":true,"href":"https:\/\/whiskymaltargentina.com\/whiskyshop\/wp-json\/wp\/v2\/media\/4335"}],"wp:attachment":[{"href":"https:\/\/whiskymaltargentina.com\/whiskyshop\/wp-json\/wp\/v2\/media?parent=4469"}],"wp:term":[{"taxonomy":"product_brand","embeddable":true,"href":"https:\/\/whiskymaltargentina.com\/whiskyshop\/wp-json\/wp\/v2\/product_brand?post=4469"},{"taxonomy":"product_cat","embeddable":true,"href":"https:\/\/whiskymaltargentina.com\/whiskyshop\/wp-json\/wp\/v2\/product_cat?post=4469"},{"taxonomy":"product_tag","embeddable":true,"href":"https:\/\/whiskymaltargentina.com\/whiskyshop\/wp-json\/wp\/v2\/product_tag?post=4469"}],"curies":[{"name":"wp","href":"https:\/\/api.w.org\/{rel}","templated":true}]}}