{"id":3878,"date":"2025-07-15T21:17:56","date_gmt":"2025-07-15T21:17:56","guid":{"rendered":"https:\/\/whiskymaltargentina.com\/whiskyshop\/?post_type=product&#038;p=3878"},"modified":"2025-08-04T13:13:19","modified_gmt":"2025-08-04T13:13:19","slug":"chivas-regal-12-anos-blended-scotch-whisky-lata","status":"publish","type":"product","link":"https:\/\/whiskymaltargentina.com\/whiskyshop\/producto\/chivas-regal-12-anos-blended-scotch-whisky-lata\/","title":{"rendered":"Chivas Regal 12 A\u00f1os Blended Scotch Whisky"},"content":{"rendered":"","protected":false},"excerpt":{"rendered":"<p>Un Chivas Regal de 12 a\u00f1os, un cl\u00e1sico Blended Scotch Whisky, presentado en una edici\u00f3n limitada en lata.<\/p>\n","protected":false},"featured_media":3601,"comment_status":"closed","ping_status":"closed","template":"","meta":{"nf_dc_page":"","_uag_custom_page_level_css":"","site-sidebar-layout":"default","site-content-layout":"","ast-site-content-layout":"default","site-content-style":"default","site-sidebar-style":"default","ast-global-header-display":"","ast-banner-title-visibility":"","ast-main-header-display":"","ast-hfb-above-header-display":"","ast-hfb-below-header-display":"","ast-hfb-mobile-header-display":"","site-post-title":"","ast-breadcrumbs-content":"","ast-featured-img":"","footer-sml-layout":"","ast-disable-related-posts":"","theme-transparent-header-meta":"","adv-header-id-meta":"","stick-header-meta":"","header-above-stick-meta":"","header-main-stick-meta":"","header-below-stick-meta":"","astra-migrate-meta-layouts":"default","ast-page-background-enabled":"default","ast-page-background-meta":{"desktop":{"background-color":"","background-image":"","background-repeat":"repeat","background-position":"center center","background-size":"auto","background-attachment":"scroll","background-type":"","background-media":"","overlay-type":"","overlay-color":"","overlay-opacity":"","overlay-gradient":""},"tablet":{"background-color":"","background-image":"","background-repeat":"repeat","background-position":"center center","background-size":"auto","background-attachment":"scroll","background-type":"","background-media":"","overlay-type":"","overlay-color":"","overlay-opacity":"","overlay-gradient":""},"mobile":{"background-color":"","background-image":"","background-repeat":"repeat","background-position":"center center","background-size":"auto","background-attachment":"scroll","background-type":"","background-media":"","overlay-type":"","overlay-color":"","overlay-opacity":"","overlay-gradient":""}},"ast-content-background-meta":{"desktop":{"background-color":"var(--ast-global-color-5)","background-image":"","background-repeat":"repeat","background-position":"center center","background-size":"auto","background-attachment":"scroll","background-type":"","background-media":"","overlay-type":"","overlay-color":"","overlay-opacity":"","overlay-gradient":""},"tablet":{"background-color":"var(--ast-global-color-5)","background-image":"","background-repeat":"repeat","background-position":"center center","background-size":"auto","background-attachment":"scroll","background-type":"","background-media":"","overlay-type":"","overlay-color":"","overlay-opacity":"","overlay-gradient":""},"mobile":{"background-color":"var(--ast-global-color-5)","background-image":"","background-repeat":"repeat","background-position":"center center","background-size":"auto","background-attachment":"scroll","background-type":"","background-media":"","overlay-type":"","overlay-color":"","overlay-opacity":"","overlay-gradient":""}},"_joinchat":[]},"product_brand":[],"product_cat":[125],"product_tag":[],"class_list":{"0":"post-3878","1":"product","2":"type-product","3":"status-publish","4":"has-post-thumbnail","6":"product_cat-repetida-de-la-coleccion","7":"desktop-align-left","8":"tablet-align-left","9":"mobile-align-left","10":"ast-product-gallery-layout-horizontal-slider","11":"ast-product-gallery-with-no-image","12":"ast-product-tabs-layout-horizontal","13":"ast-qv-on-image","15":"first","16":"instock","17":"shipping-taxable","18":"product-type-simple"},"uagb_featured_image_src":{"full":["https:\/\/whiskymaltargentina.com\/whiskyshop\/wp-content\/uploads\/2025\/06\/xDSC_7823.jpg",964,1231,false],"thumbnail":["https:\/\/whiskymaltargentina.com\/whiskyshop\/wp-content\/uploads\/2025\/06\/xDSC_7823-150x150.jpg",150,150,true],"medium":["https:\/\/whiskymaltargentina.com\/whiskyshop\/wp-content\/uploads\/2025\/06\/xDSC_7823-235x300.jpg",235,300,true],"medium_large":["https:\/\/whiskymaltargentina.com\/whiskyshop\/wp-content\/uploads\/2025\/06\/xDSC_7823-768x981.jpg",768,981,true],"large":["https:\/\/whiskymaltargentina.com\/whiskyshop\/wp-content\/uploads\/2025\/06\/xDSC_7823-802x1024.jpg",802,1024,true],"1536x1536":["https:\/\/whiskymaltargentina.com\/whiskyshop\/wp-content\/uploads\/2025\/06\/xDSC_7823.jpg",964,1231,false],"2048x2048":["https:\/\/whiskymaltargentina.com\/whiskyshop\/wp-content\/uploads\/2025\/06\/xDSC_7823.jpg",964,1231,false],"woocommerce_thumbnail":["https:\/\/whiskymaltargentina.com\/whiskyshop\/wp-content\/uploads\/2025\/06\/xDSC_7823-300x300.jpg",300,300,true],"woocommerce_single":["https:\/\/whiskymaltargentina.com\/whiskyshop\/wp-content\/uploads\/2025\/06\/xDSC_7823-600x766.jpg",600,766,true],"woocommerce_gallery_thumbnail":["https:\/\/whiskymaltargentina.com\/whiskyshop\/wp-content\/uploads\/2025\/06\/xDSC_7823-100x100.jpg",100,100,true]},"uagb_author_info":{"display_name":"@Monroe3980","author_link":"https:\/\/whiskymaltargentina.com\/whiskyshop\/author\/"},"uagb_comment_info":0,"uagb_excerpt":"Un Chivas Regal de 12 a\u00f1os, un cl\u00e1sico Blended Scotch Whisky, presentado en una edici\u00f3n limitada en lata.","_links":{"self":[{"href":"https:\/\/whiskymaltargentina.com\/whiskyshop\/wp-json\/wp\/v2\/product\/3878","targetHints":{"allow":["GET"]}}],"collection":[{"href":"https:\/\/whiskymaltargentina.com\/whiskyshop\/wp-json\/wp\/v2\/product"}],"about":[{"href":"https:\/\/whiskymaltargentina.com\/whiskyshop\/wp-json\/wp\/v2\/types\/product"}],"replies":[{"embeddable":true,"href":"https:\/\/whiskymaltargentina.com\/whiskyshop\/wp-json\/wp\/v2\/comments?post=3878"}],"wp:featuredmedia":[{"embeddable":true,"href":"https:\/\/whiskymaltargentina.com\/whiskyshop\/wp-json\/wp\/v2\/media\/3601"}],"wp:attachment":[{"href":"https:\/\/whiskymaltargentina.com\/whiskyshop\/wp-json\/wp\/v2\/media?parent=3878"}],"wp:term":[{"taxonomy":"product_brand","embeddable":true,"href":"https:\/\/whiskymaltargentina.com\/whiskyshop\/wp-json\/wp\/v2\/product_brand?post=3878"},{"taxonomy":"product_cat","embeddable":true,"href":"https:\/\/whiskymaltargentina.com\/whiskyshop\/wp-json\/wp\/v2\/product_cat?post=3878"},{"taxonomy":"product_tag","embeddable":true,"href":"https:\/\/whiskymaltargentina.com\/whiskyshop\/wp-json\/wp\/v2\/product_tag?post=3878"}],"curies":[{"name":"wp","href":"https:\/\/api.w.org\/{rel}","templated":true}]}}