{"id":3117,"date":"2024-06-30T16:34:47","date_gmt":"2024-06-30T16:34:47","guid":{"rendered":"https:\/\/whiskymaltargentina.com\/whiskyshop\/?post_type=product&#038;p=3117"},"modified":"2025-12-02T11:37:16","modified_gmt":"2025-12-02T14:37:16","slug":"macnairs-lum-reek-21","status":"publish","type":"product","link":"https:\/\/whiskymaltargentina.com\/whiskyshop\/producto\/macnairs-lum-reek-21\/","title":{"rendered":"Macnairs Lum Reek 21 a\u00f1os"},"content":{"rendered":"<p>&nbsp;<\/p>\n<blockquote><p><strong>Macnairs Lum Reek 21 A\u00f1os es el resultado de combinar, en una primera fase, los mejores whiskys de malta a\u00f1ejados de Islay, Speyside y Highland. A continuaci\u00f3n, se mezcla con GlenAllachie madurado para dar lugar a un equilibrio entre la naturaleza ahumada y la afrutada. Despu\u00e9s, se deposita en barricas de jerez espa\u00f1ol de primera calidad, roble virgen y barricas de vino. Con el paso del tiempo (21 a\u00f1os), todos los sabores se entremezclan y obtienen caracter\u00edsticas propias de la madera. De color cobre profundo, en nariz, se detectan sutiles notas a virutas de chocolate negro, dulce de vainilla, miel y turba ahumada. Por otra parte, el sabor del whisky Macnairs Lum Reek 21 A\u00f1os se caracteriza por recuerdos a madera de cedro y suaves matices a turba ahumada, acompa\u00f1ado de intenso cacao, vainilla y especias dulces.<\/strong><\/p><\/blockquote>\n<hr \/>\n<p>La destiler\u00eda <strong>Glenallachie<\/strong> es relativamente desconocida, con una gran capacidad de producci\u00f3n. <strong>Glenallachie<\/strong> es una de las destiler\u00edas m\u00e1s j\u00f3venes. En 1967, Mackinlay, McPherson &amp; Co., parte de Scottish &amp; Newcastle Breweries, quer\u00eda su propia destiler\u00eda para el grupo Mackinlay. La destiler\u00eda estaba ubicada en Banffshire, un \u00e1rea de Speyside y particularmente rica en destiler\u00edas. Eligieron un sitio al lado de Lour Burn, por encima de Aberlour.<\/p>\n<p>El agua para la masa proviene de la monta\u00f1a Ben Rinnes. El agua de enfriamiento proviene de unos estanques formados por una presa en el r\u00edo. El arquitecto de la destiler\u00eda fue Arthur Delm\u00e9-Evans, quien tambi\u00e9n dise\u00f1\u00f3 Tullibardine e Isle of Jura. <strong>Glenallachie<\/strong> es una destiler\u00eda contempor\u00e1nea que hace un uso \u00f3ptimo de la gravedad. Todo el equipo est\u00e1 en el mismo recinto. Tiene 2 alambiques Wash Still y 2 Spirit Still. Utiliza malta ligeramente triturada y el macerado se hace en una cuba de maceraci\u00f3n semi-Lauter de acero inoxidable. La fermentaci\u00f3n dura 160 horas.<\/p>\n<p>En 1985 <strong>Glenallachie<\/strong> fue vendido a Invergordon y luego fue adquirido por Chivas Brothers. No hubo producci\u00f3n entre 1987 y 1989. La producci\u00f3n es utilizada casi en su totalidad por la industria de mezclas. El exitoso empresario de whisky Billy Walker se hizo cargo de la entonces relativamente desconocida destiler\u00eda <strong>Glenallachie<\/strong> de Pernod Ricard en julio de 2017, incluidas las acciones.<\/p>\n<hr \/>\n<div id='gallery-1' class='gallery galleryid-3117 gallery-columns-1 gallery-size-full'><figure class='gallery-item'>\n\t\t\t<div class='gallery-icon landscape'>\n\t\t\t\t<a href='https:\/\/whiskymaltargentina.com\/whiskyshop\/wp-content\/uploads\/2024\/06\/magnairs21_2.jpg'><img loading=\"lazy\" decoding=\"async\" width=\"1000\" height=\"1000\" src=\"https:\/\/whiskymaltargentina.com\/whiskyshop\/wp-content\/uploads\/2024\/06\/magnairs21_2.jpg\" class=\"attachment-full size-full\" alt=\"\" srcset=\"https:\/\/whiskymaltargentina.com\/whiskyshop\/wp-content\/uploads\/2024\/06\/magnairs21_2.jpg 1000w, https:\/\/whiskymaltargentina.com\/whiskyshop\/wp-content\/uploads\/2024\/06\/magnairs21_2-300x300.jpg 300w, https:\/\/whiskymaltargentina.com\/whiskyshop\/wp-content\/uploads\/2024\/06\/magnairs21_2-150x150.jpg 150w, https:\/\/whiskymaltargentina.com\/whiskyshop\/wp-content\/uploads\/2024\/06\/magnairs21_2-768x768.jpg 768w, https:\/\/whiskymaltargentina.com\/whiskyshop\/wp-content\/uploads\/2024\/06\/magnairs21_2-600x600.jpg 600w, https:\/\/whiskymaltargentina.com\/whiskyshop\/wp-content\/uploads\/2024\/06\/magnairs21_2-100x100.jpg 100w\" sizes=\"auto, (max-width: 1000px) 100vw, 1000px\" \/><\/a>\n\t\t\t<\/div><\/figure><figure class='gallery-item'>\n\t\t\t<div class='gallery-icon landscape'>\n\t\t\t\t<a href='https:\/\/whiskymaltargentina.com\/whiskyshop\/wp-content\/uploads\/2024\/06\/glena12_4.jpg'><img loading=\"lazy\" decoding=\"async\" width=\"1000\" height=\"1000\" src=\"https:\/\/whiskymaltargentina.com\/whiskyshop\/wp-content\/uploads\/2024\/06\/glena12_4.jpg\" class=\"attachment-full size-full\" alt=\"\" srcset=\"https:\/\/whiskymaltargentina.com\/whiskyshop\/wp-content\/uploads\/2024\/06\/glena12_4.jpg 1000w, https:\/\/whiskymaltargentina.com\/whiskyshop\/wp-content\/uploads\/2024\/06\/glena12_4-300x300.jpg 300w, https:\/\/whiskymaltargentina.com\/whiskyshop\/wp-content\/uploads\/2024\/06\/glena12_4-150x150.jpg 150w, https:\/\/whiskymaltargentina.com\/whiskyshop\/wp-content\/uploads\/2024\/06\/glena12_4-768x768.jpg 768w, https:\/\/whiskymaltargentina.com\/whiskyshop\/wp-content\/uploads\/2024\/06\/glena12_4-600x600.jpg 600w, https:\/\/whiskymaltargentina.com\/whiskyshop\/wp-content\/uploads\/2024\/06\/glena12_4-100x100.jpg 100w\" sizes=\"auto, (max-width: 1000px) 100vw, 1000px\" \/><\/a>\n\t\t\t<\/div><\/figure><figure class='gallery-item'>\n\t\t\t<div class='gallery-icon landscape'>\n\t\t\t\t<a href='https:\/\/whiskymaltargentina.com\/whiskyshop\/wp-content\/uploads\/2024\/06\/magnairs21_1.jpg'><img loading=\"lazy\" decoding=\"async\" width=\"1000\" height=\"1000\" src=\"https:\/\/whiskymaltargentina.com\/whiskyshop\/wp-content\/uploads\/2024\/06\/magnairs21_1.jpg\" class=\"attachment-full size-full\" alt=\"\" srcset=\"https:\/\/whiskymaltargentina.com\/whiskyshop\/wp-content\/uploads\/2024\/06\/magnairs21_1.jpg 1000w, https:\/\/whiskymaltargentina.com\/whiskyshop\/wp-content\/uploads\/2024\/06\/magnairs21_1-300x300.jpg 300w, https:\/\/whiskymaltargentina.com\/whiskyshop\/wp-content\/uploads\/2024\/06\/magnairs21_1-150x150.jpg 150w, https:\/\/whiskymaltargentina.com\/whiskyshop\/wp-content\/uploads\/2024\/06\/magnairs21_1-768x768.jpg 768w, https:\/\/whiskymaltargentina.com\/whiskyshop\/wp-content\/uploads\/2024\/06\/magnairs21_1-600x600.jpg 600w, https:\/\/whiskymaltargentina.com\/whiskyshop\/wp-content\/uploads\/2024\/06\/magnairs21_1-100x100.jpg 100w\" sizes=\"auto, (max-width: 1000px) 100vw, 1000px\" \/><\/a>\n\t\t\t<\/div><\/figure>\n\t\t<\/div>\n\n","protected":false},"excerpt":{"rendered":"<p><strong>Macnairs Lum Reek 21 A\u00f1os<\/strong> es el resultado de combinar, en una primera fase, los mejores whiskys de malta a\u00f1ejados de Islay, Speyside y Highland. A continuaci\u00f3n, se mezcla con <strong>GlenAllachie<\/strong> madurado para dar lugar a un equilibrio entre la naturaleza ahumada y la afrutada. Despu\u00e9s, se deposita en barricas de jerez espa\u00f1ol de primera calidad, roble virgen y barricas de vino. Con el paso del tiempo (21 a\u00f1os), todos los sabores se entremezclan y obtienen caracter\u00edsticas propias de la madera. De color cobre profundo, en nariz, se detectan sutiles notas a virutas de chocolate negro, dulce de vainilla, miel y turba ahumada. Por otra parte, el sabor del whisky <strong>Macnairs Lum Reek 21 A\u00f1os<\/strong> se caracteriza por recuerdos a madera de cedro y suaves matices a turba ahumada, acompa\u00f1ado de intenso cacao, vainilla y especias dulces.<\/p>\n<p>&nbsp;<\/p>\n<h6><em>Beber con moderaci\u00f3n. Prohibida su venta a menores de 18 a\u00f1os.<\/em><\/h6>\n","protected":false},"featured_media":3118,"comment_status":"closed","ping_status":"closed","template":"","meta":{"nf_dc_page":"","_uag_custom_page_level_css":"","site-sidebar-layout":"default","site-content-layout":"default","ast-site-content-layout":"default","site-content-style":"default","site-sidebar-style":"default","ast-global-header-display":"","ast-banner-title-visibility":"","ast-main-header-display":"","ast-hfb-above-header-display":"","ast-hfb-below-header-display":"","ast-hfb-mobile-header-display":"","site-post-title":"","ast-breadcrumbs-content":"","ast-featured-img":"","footer-sml-layout":"","ast-disable-related-posts":"","theme-transparent-header-meta":"default","adv-header-id-meta":"","stick-header-meta":"default","header-above-stick-meta":"","header-main-stick-meta":"","header-below-stick-meta":"","astra-migrate-meta-layouts":"set","ast-page-background-enabled":"default","ast-page-background-meta":{"desktop":{"background-color":"","background-image":"","background-repeat":"repeat","background-position":"center center","background-size":"auto","background-attachment":"scroll","background-type":"","background-media":"","overlay-type":"","overlay-color":"","overlay-opacity":"","overlay-gradient":""},"tablet":{"background-color":"","background-image":"","background-repeat":"repeat","background-position":"center center","background-size":"auto","background-attachment":"scroll","background-type":"","background-media":"","overlay-type":"","overlay-color":"","overlay-opacity":"","overlay-gradient":""},"mobile":{"background-color":"","background-image":"","background-repeat":"repeat","background-position":"center center","background-size":"auto","background-attachment":"scroll","background-type":"","background-media":"","overlay-type":"","overlay-color":"","overlay-opacity":"","overlay-gradient":""}},"ast-content-background-meta":{"desktop":{"background-color":"var(--ast-global-color-5)","background-image":"","background-repeat":"repeat","background-position":"center center","background-size":"auto","background-attachment":"scroll","background-type":"","background-media":"","overlay-type":"","overlay-color":"","overlay-opacity":"","overlay-gradient":""},"tablet":{"background-color":"var(--ast-global-color-5)","background-image":"","background-repeat":"repeat","background-position":"center center","background-size":"auto","background-attachment":"scroll","background-type":"","background-media":"","overlay-type":"","overlay-color":"","overlay-opacity":"","overlay-gradient":""},"mobile":{"background-color":"var(--ast-global-color-5)","background-image":"","background-repeat":"repeat","background-position":"center center","background-size":"auto","background-attachment":"scroll","background-type":"","background-media":"","overlay-type":"","overlay-color":"","overlay-opacity":"","overlay-gradient":""}},"_joinchat":[]},"product_brand":[],"product_cat":[42,73,78],"product_tag":[102,97,82,84],"class_list":{"0":"post-3117","1":"product","2":"type-product","3":"status-publish","4":"has-post-thumbnail","6":"product_cat-productosexclusivos","7":"product_cat-glenallachie","8":"product_cat-macnairs","9":"product_tag-21yo","10":"product_tag-blend","11":"product_tag-escoces","12":"product_tag-peated","13":"desktop-align-left","14":"tablet-align-left","15":"mobile-align-left","16":"ast-product-gallery-layout-horizontal-slider","17":"ast-product-gallery-with-no-image","18":"ast-product-tabs-layout-horizontal","19":"ast-qv-on-image","21":"first","22":"instock","23":"shipping-taxable","24":"product-type-simple"},"uagb_featured_image_src":{"full":["https:\/\/whiskymaltargentina.com\/whiskyshop\/wp-content\/uploads\/2024\/06\/magnairs21.jpg",1200,1200,false],"thumbnail":["https:\/\/whiskymaltargentina.com\/whiskyshop\/wp-content\/uploads\/2024\/06\/magnairs21-150x150.jpg",150,150,true],"medium":["https:\/\/whiskymaltargentina.com\/whiskyshop\/wp-content\/uploads\/2024\/06\/magnairs21-300x300.jpg",300,300,true],"medium_large":["https:\/\/whiskymaltargentina.com\/whiskyshop\/wp-content\/uploads\/2024\/06\/magnairs21-768x768.jpg",768,768,true],"large":["https:\/\/whiskymaltargentina.com\/whiskyshop\/wp-content\/uploads\/2024\/06\/magnairs21-1024x1024.jpg",1024,1024,true],"1536x1536":["https:\/\/whiskymaltargentina.com\/whiskyshop\/wp-content\/uploads\/2024\/06\/magnairs21.jpg",1200,1200,false],"2048x2048":["https:\/\/whiskymaltargentina.com\/whiskyshop\/wp-content\/uploads\/2024\/06\/magnairs21.jpg",1200,1200,false],"woocommerce_thumbnail":["https:\/\/whiskymaltargentina.com\/whiskyshop\/wp-content\/uploads\/2024\/06\/magnairs21-300x300.jpg",300,300,true],"woocommerce_single":["https:\/\/whiskymaltargentina.com\/whiskyshop\/wp-content\/uploads\/2024\/06\/magnairs21-600x600.jpg",600,600,true],"woocommerce_gallery_thumbnail":["https:\/\/whiskymaltargentina.com\/whiskyshop\/wp-content\/uploads\/2024\/06\/magnairs21-100x100.jpg",100,100,true]},"uagb_author_info":{"display_name":"@Monroe3980","author_link":"https:\/\/whiskymaltargentina.com\/whiskyshop\/author\/"},"uagb_comment_info":0,"uagb_excerpt":"Macnairs Lum Reek 21 A\u00f1os es el resultado de combinar, en una primera fase, los mejores whiskys de malta a\u00f1ejados de Islay, Speyside y Highland. A continuaci\u00f3n, se mezcla con GlenAllachie madurado para dar lugar a un equilibrio entre la naturaleza ahumada y la afrutada. Despu\u00e9s, se deposita en barricas de jerez espa\u00f1ol de primera&hellip;","_links":{"self":[{"href":"https:\/\/whiskymaltargentina.com\/whiskyshop\/wp-json\/wp\/v2\/product\/3117","targetHints":{"allow":["GET"]}}],"collection":[{"href":"https:\/\/whiskymaltargentina.com\/whiskyshop\/wp-json\/wp\/v2\/product"}],"about":[{"href":"https:\/\/whiskymaltargentina.com\/whiskyshop\/wp-json\/wp\/v2\/types\/product"}],"replies":[{"embeddable":true,"href":"https:\/\/whiskymaltargentina.com\/whiskyshop\/wp-json\/wp\/v2\/comments?post=3117"}],"wp:featuredmedia":[{"embeddable":true,"href":"https:\/\/whiskymaltargentina.com\/whiskyshop\/wp-json\/wp\/v2\/media\/3118"}],"wp:attachment":[{"href":"https:\/\/whiskymaltargentina.com\/whiskyshop\/wp-json\/wp\/v2\/media?parent=3117"}],"wp:term":[{"taxonomy":"product_brand","embeddable":true,"href":"https:\/\/whiskymaltargentina.com\/whiskyshop\/wp-json\/wp\/v2\/product_brand?post=3117"},{"taxonomy":"product_cat","embeddable":true,"href":"https:\/\/whiskymaltargentina.com\/whiskyshop\/wp-json\/wp\/v2\/product_cat?post=3117"},{"taxonomy":"product_tag","embeddable":true,"href":"https:\/\/whiskymaltargentina.com\/whiskyshop\/wp-json\/wp\/v2\/product_tag?post=3117"}],"curies":[{"name":"wp","href":"https:\/\/api.w.org\/{rel}","templated":true}]}}