{"id":3065,"date":"2024-06-30T14:27:19","date_gmt":"2024-06-30T14:27:19","guid":{"rendered":"https:\/\/whiskymaltargentina.com\/whiskyshop\/?post_type=product&#038;p=3065"},"modified":"2025-08-01T20:39:04","modified_gmt":"2025-08-01T20:39:04","slug":"glenfarclas-10","status":"publish","type":"product","link":"https:\/\/whiskymaltargentina.com\/whiskyshop\/producto\/glenfarclas-10\/","title":{"rendered":"Glenfarclas 10 a\u00f1os"},"content":{"rendered":"<p>&nbsp;<\/p>\n<blockquote><p><strong>Un single malt Premium de 10 a\u00f1os de a\u00f1ejamiento, color oro pajizo brillante, aroma con notas malteadas de dulce jerez envueltas en un delicado humo. De sabor delicado, ligero, combinaci\u00f3n del dulzor ajerezado y malta, apuntes a frutos secos, vainilla y canela. Final largo, suave y especiado con una delicada persistencia ahumada.<\/strong><\/p><\/blockquote>\n<hr \/>\n<p>La destiler\u00eda se encuentra a los pies de la monta\u00f1a Ben Rinnes, al noreste de Escocia. Desde 1865 la historia de <strong>Glenfarclas<\/strong> le pertenece a una familia, los Grant. El 8 de junio de 1865 John Grant compro la destiler\u00eda por 500 libras esterlinas, de aqu\u00ed en adelante serian los miembros de la familia los que seguir\u00edan adelante el negocio del whisky. <strong>Glenfarclas<\/strong> es una de las pocas destiler\u00edas familiares que queda en Escocia y que ha pasado directamente de padre a hijo durante 6 generaciones. Usando los mejores ingredientes, combinados con los m\u00e9todos de destilaci\u00f3n tradicionales, se crea el inolvidable sabor del <strong>Glenfarclas Single Malt<\/strong>.<\/p>\n<hr \/>\n<div id='gallery-1' class='gallery galleryid-3065 gallery-columns-1 gallery-size-full'><figure class='gallery-item'>\n\t\t\t<div class='gallery-icon landscape'>\n\t\t\t\t<a href='https:\/\/whiskymaltargentina.com\/whiskyshop\/wp-content\/uploads\/2024\/06\/glenfarclas10_1.jpg'><img loading=\"lazy\" decoding=\"async\" width=\"1000\" height=\"1000\" src=\"https:\/\/whiskymaltargentina.com\/whiskyshop\/wp-content\/uploads\/2024\/06\/glenfarclas10_1.jpg\" class=\"attachment-full size-full\" alt=\"\" srcset=\"https:\/\/whiskymaltargentina.com\/whiskyshop\/wp-content\/uploads\/2024\/06\/glenfarclas10_1.jpg 1000w, https:\/\/whiskymaltargentina.com\/whiskyshop\/wp-content\/uploads\/2024\/06\/glenfarclas10_1-300x300.jpg 300w, https:\/\/whiskymaltargentina.com\/whiskyshop\/wp-content\/uploads\/2024\/06\/glenfarclas10_1-150x150.jpg 150w, https:\/\/whiskymaltargentina.com\/whiskyshop\/wp-content\/uploads\/2024\/06\/glenfarclas10_1-768x768.jpg 768w, https:\/\/whiskymaltargentina.com\/whiskyshop\/wp-content\/uploads\/2024\/06\/glenfarclas10_1-600x600.jpg 600w, https:\/\/whiskymaltargentina.com\/whiskyshop\/wp-content\/uploads\/2024\/06\/glenfarclas10_1-100x100.jpg 100w\" sizes=\"auto, (max-width: 1000px) 100vw, 1000px\" \/><\/a>\n\t\t\t<\/div><\/figure><figure class='gallery-item'>\n\t\t\t<div class='gallery-icon landscape'>\n\t\t\t\t<a href='https:\/\/whiskymaltargentina.com\/whiskyshop\/wp-content\/uploads\/2024\/06\/glenfarclas10_3.jpg'><img loading=\"lazy\" decoding=\"async\" width=\"1000\" height=\"1000\" src=\"https:\/\/whiskymaltargentina.com\/whiskyshop\/wp-content\/uploads\/2024\/06\/glenfarclas10_3.jpg\" class=\"attachment-full size-full\" alt=\"\" srcset=\"https:\/\/whiskymaltargentina.com\/whiskyshop\/wp-content\/uploads\/2024\/06\/glenfarclas10_3.jpg 1000w, https:\/\/whiskymaltargentina.com\/whiskyshop\/wp-content\/uploads\/2024\/06\/glenfarclas10_3-300x300.jpg 300w, https:\/\/whiskymaltargentina.com\/whiskyshop\/wp-content\/uploads\/2024\/06\/glenfarclas10_3-150x150.jpg 150w, https:\/\/whiskymaltargentina.com\/whiskyshop\/wp-content\/uploads\/2024\/06\/glenfarclas10_3-768x768.jpg 768w, https:\/\/whiskymaltargentina.com\/whiskyshop\/wp-content\/uploads\/2024\/06\/glenfarclas10_3-600x600.jpg 600w, https:\/\/whiskymaltargentina.com\/whiskyshop\/wp-content\/uploads\/2024\/06\/glenfarclas10_3-100x100.jpg 100w\" sizes=\"auto, (max-width: 1000px) 100vw, 1000px\" \/><\/a>\n\t\t\t<\/div><\/figure><figure class='gallery-item'>\n\t\t\t<div class='gallery-icon landscape'>\n\t\t\t\t<a href='https:\/\/whiskymaltargentina.com\/whiskyshop\/wp-content\/uploads\/2024\/06\/glenfarclas10_2.jpg'><img loading=\"lazy\" decoding=\"async\" width=\"1000\" height=\"1000\" src=\"https:\/\/whiskymaltargentina.com\/whiskyshop\/wp-content\/uploads\/2024\/06\/glenfarclas10_2.jpg\" class=\"attachment-full size-full\" alt=\"\" srcset=\"https:\/\/whiskymaltargentina.com\/whiskyshop\/wp-content\/uploads\/2024\/06\/glenfarclas10_2.jpg 1000w, https:\/\/whiskymaltargentina.com\/whiskyshop\/wp-content\/uploads\/2024\/06\/glenfarclas10_2-300x300.jpg 300w, https:\/\/whiskymaltargentina.com\/whiskyshop\/wp-content\/uploads\/2024\/06\/glenfarclas10_2-150x150.jpg 150w, https:\/\/whiskymaltargentina.com\/whiskyshop\/wp-content\/uploads\/2024\/06\/glenfarclas10_2-768x768.jpg 768w, https:\/\/whiskymaltargentina.com\/whiskyshop\/wp-content\/uploads\/2024\/06\/glenfarclas10_2-600x600.jpg 600w, https:\/\/whiskymaltargentina.com\/whiskyshop\/wp-content\/uploads\/2024\/06\/glenfarclas10_2-100x100.jpg 100w\" sizes=\"auto, (max-width: 1000px) 100vw, 1000px\" \/><\/a>\n\t\t\t<\/div><\/figure><figure class='gallery-item'>\n\t\t\t<div class='gallery-icon landscape'>\n\t\t\t\t<a href='https:\/\/whiskymaltargentina.com\/whiskyshop\/wp-content\/uploads\/2024\/06\/glenfarclas10_4.jpg'><img loading=\"lazy\" decoding=\"async\" width=\"1000\" height=\"1000\" src=\"https:\/\/whiskymaltargentina.com\/whiskyshop\/wp-content\/uploads\/2024\/06\/glenfarclas10_4.jpg\" class=\"attachment-full size-full\" alt=\"\" srcset=\"https:\/\/whiskymaltargentina.com\/whiskyshop\/wp-content\/uploads\/2024\/06\/glenfarclas10_4.jpg 1000w, https:\/\/whiskymaltargentina.com\/whiskyshop\/wp-content\/uploads\/2024\/06\/glenfarclas10_4-300x300.jpg 300w, https:\/\/whiskymaltargentina.com\/whiskyshop\/wp-content\/uploads\/2024\/06\/glenfarclas10_4-150x150.jpg 150w, https:\/\/whiskymaltargentina.com\/whiskyshop\/wp-content\/uploads\/2024\/06\/glenfarclas10_4-768x768.jpg 768w, https:\/\/whiskymaltargentina.com\/whiskyshop\/wp-content\/uploads\/2024\/06\/glenfarclas10_4-600x600.jpg 600w, https:\/\/whiskymaltargentina.com\/whiskyshop\/wp-content\/uploads\/2024\/06\/glenfarclas10_4-100x100.jpg 100w\" sizes=\"auto, (max-width: 1000px) 100vw, 1000px\" \/><\/a>\n\t\t\t<\/div><\/figure>\n\t\t<\/div>\n\n","protected":false},"excerpt":{"rendered":"<p>Un single malt Premium de 10 a\u00f1os de a\u00f1ejamiento, color oro pajizo brillante, aroma con notas malteadas de dulce jerez envueltas en un delicado humo. De sabor delicado, ligero, combinaci\u00f3n del dulzor ajerezado y malta, apuntes a frutos secos, vainilla y canela. Final largo, suave y especiado con una delicada persistencia ahumada.<\/p>\n<p>&nbsp;<\/p>\n<h6><em>Beber con moderaci\u00f3n. Prohibida su venta a menores de 18 a\u00f1os.<\/em><\/h6>\n","protected":false},"featured_media":3066,"comment_status":"closed","ping_status":"closed","template":"","meta":{"nf_dc_page":"","_uag_custom_page_level_css":"","site-sidebar-layout":"default","site-content-layout":"default","ast-site-content-layout":"default","site-content-style":"default","site-sidebar-style":"default","ast-global-header-display":"","ast-banner-title-visibility":"","ast-main-header-display":"","ast-hfb-above-header-display":"","ast-hfb-below-header-display":"","ast-hfb-mobile-header-display":"","site-post-title":"","ast-breadcrumbs-content":"","ast-featured-img":"","footer-sml-layout":"","ast-disable-related-posts":"","theme-transparent-header-meta":"default","adv-header-id-meta":"","stick-header-meta":"default","header-above-stick-meta":"","header-main-stick-meta":"","header-below-stick-meta":"","astra-migrate-meta-layouts":"set","ast-page-background-enabled":"default","ast-page-background-meta":{"desktop":{"background-color":"","background-image":"","background-repeat":"repeat","background-position":"center center","background-size":"auto","background-attachment":"scroll","background-type":"","background-media":"","overlay-type":"","overlay-color":"","overlay-opacity":"","overlay-gradient":""},"tablet":{"background-color":"","background-image":"","background-repeat":"repeat","background-position":"center center","background-size":"auto","background-attachment":"scroll","background-type":"","background-media":"","overlay-type":"","overlay-color":"","overlay-opacity":"","overlay-gradient":""},"mobile":{"background-color":"","background-image":"","background-repeat":"repeat","background-position":"center center","background-size":"auto","background-attachment":"scroll","background-type":"","background-media":"","overlay-type":"","overlay-color":"","overlay-opacity":"","overlay-gradient":""}},"ast-content-background-meta":{"desktop":{"background-color":"var(--ast-global-color-5)","background-image":"","background-repeat":"repeat","background-position":"center center","background-size":"auto","background-attachment":"scroll","background-type":"","background-media":"","overlay-type":"","overlay-color":"","overlay-opacity":"","overlay-gradient":""},"tablet":{"background-color":"var(--ast-global-color-5)","background-image":"","background-repeat":"repeat","background-position":"center center","background-size":"auto","background-attachment":"scroll","background-type":"","background-media":"","overlay-type":"","overlay-color":"","overlay-opacity":"","overlay-gradient":""},"mobile":{"background-color":"var(--ast-global-color-5)","background-image":"","background-repeat":"repeat","background-position":"center center","background-size":"auto","background-attachment":"scroll","background-type":"","background-media":"","overlay-type":"","overlay-color":"","overlay-opacity":"","overlay-gradient":""}},"_joinchat":[]},"product_brand":[],"product_cat":[42,75],"product_tag":[90,82,83,55,86],"class_list":{"0":"post-3065","1":"product","2":"type-product","3":"status-publish","4":"has-post-thumbnail","6":"product_cat-productosexclusivos","7":"product_cat-glenfarclas","8":"product_tag-10yo","9":"product_tag-escoces","10":"product_tag-sherry","11":"product_tag-single-malt","12":"product_tag-speyside","13":"desktop-align-left","14":"tablet-align-left","15":"mobile-align-left","16":"ast-product-gallery-layout-horizontal-slider","17":"ast-product-gallery-with-no-image","18":"ast-product-tabs-layout-horizontal","19":"ast-qv-on-image","21":"first","22":"instock","23":"shipping-taxable","24":"product-type-simple"},"uagb_featured_image_src":{"full":["https:\/\/whiskymaltargentina.com\/whiskyshop\/wp-content\/uploads\/2024\/06\/glenfarclas10.jpg",1200,1200,false],"thumbnail":["https:\/\/whiskymaltargentina.com\/whiskyshop\/wp-content\/uploads\/2024\/06\/glenfarclas10-150x150.jpg",150,150,true],"medium":["https:\/\/whiskymaltargentina.com\/whiskyshop\/wp-content\/uploads\/2024\/06\/glenfarclas10-300x300.jpg",300,300,true],"medium_large":["https:\/\/whiskymaltargentina.com\/whiskyshop\/wp-content\/uploads\/2024\/06\/glenfarclas10-768x768.jpg",768,768,true],"large":["https:\/\/whiskymaltargentina.com\/whiskyshop\/wp-content\/uploads\/2024\/06\/glenfarclas10-1024x1024.jpg",1024,1024,true],"1536x1536":["https:\/\/whiskymaltargentina.com\/whiskyshop\/wp-content\/uploads\/2024\/06\/glenfarclas10.jpg",1200,1200,false],"2048x2048":["https:\/\/whiskymaltargentina.com\/whiskyshop\/wp-content\/uploads\/2024\/06\/glenfarclas10.jpg",1200,1200,false],"woocommerce_thumbnail":["https:\/\/whiskymaltargentina.com\/whiskyshop\/wp-content\/uploads\/2024\/06\/glenfarclas10-300x300.jpg",300,300,true],"woocommerce_single":["https:\/\/whiskymaltargentina.com\/whiskyshop\/wp-content\/uploads\/2024\/06\/glenfarclas10-600x600.jpg",600,600,true],"woocommerce_gallery_thumbnail":["https:\/\/whiskymaltargentina.com\/whiskyshop\/wp-content\/uploads\/2024\/06\/glenfarclas10-100x100.jpg",100,100,true]},"uagb_author_info":{"display_name":"@Monroe3980","author_link":"https:\/\/whiskymaltargentina.com\/whiskyshop\/author\/"},"uagb_comment_info":0,"uagb_excerpt":"Un single malt Premium de 10 a\u00f1os de a\u00f1ejamiento, color oro pajizo brillante, aroma con notas malteadas de dulce jerez envueltas en un delicado humo. De sabor delicado, ligero, combinaci\u00f3n del dulzor ajerezado y malta, apuntes a frutos secos, vainilla y canela. Final largo, suave y especiado con una delicada persistencia ahumada. &nbsp; Beber con&hellip;","_links":{"self":[{"href":"https:\/\/whiskymaltargentina.com\/whiskyshop\/wp-json\/wp\/v2\/product\/3065","targetHints":{"allow":["GET"]}}],"collection":[{"href":"https:\/\/whiskymaltargentina.com\/whiskyshop\/wp-json\/wp\/v2\/product"}],"about":[{"href":"https:\/\/whiskymaltargentina.com\/whiskyshop\/wp-json\/wp\/v2\/types\/product"}],"replies":[{"embeddable":true,"href":"https:\/\/whiskymaltargentina.com\/whiskyshop\/wp-json\/wp\/v2\/comments?post=3065"}],"wp:featuredmedia":[{"embeddable":true,"href":"https:\/\/whiskymaltargentina.com\/whiskyshop\/wp-json\/wp\/v2\/media\/3066"}],"wp:attachment":[{"href":"https:\/\/whiskymaltargentina.com\/whiskyshop\/wp-json\/wp\/v2\/media?parent=3065"}],"wp:term":[{"taxonomy":"product_brand","embeddable":true,"href":"https:\/\/whiskymaltargentina.com\/whiskyshop\/wp-json\/wp\/v2\/product_brand?post=3065"},{"taxonomy":"product_cat","embeddable":true,"href":"https:\/\/whiskymaltargentina.com\/whiskyshop\/wp-json\/wp\/v2\/product_cat?post=3065"},{"taxonomy":"product_tag","embeddable":true,"href":"https:\/\/whiskymaltargentina.com\/whiskyshop\/wp-json\/wp\/v2\/product_tag?post=3065"}],"curies":[{"name":"wp","href":"https:\/\/api.w.org\/{rel}","templated":true}]}}