{"id":3057,"date":"2024-06-30T14:05:06","date_gmt":"2024-06-30T14:05:06","guid":{"rendered":"https:\/\/whiskymaltargentina.com\/whiskyshop\/?post_type=product&#038;p=3057"},"modified":"2025-08-01T20:39:22","modified_gmt":"2025-08-01T20:39:22","slug":"glencadam-origin","status":"publish","type":"product","link":"https:\/\/whiskymaltargentina.com\/whiskyshop\/producto\/glencadam-origin\/","title":{"rendered":"Glencadam Origin"},"content":{"rendered":"<p>&nbsp;<\/p>\n<blockquote><p><strong>Un single malt de las Tierras Altas que presume elegancia. Toma su nombre (`Origen 1825`) de la fecha en que se fund\u00f3 la destiler\u00eda Glencadam. Madurado en barricas de bourbon y terminada en botas de jerez Oloroso, esta malta muestra una maravillosa complejidad frutal que va desde frutas rojas hasta frutas tropicales que se transmite al paladar. El final evoluciona con una complejidad especiada festiva. Tiene un color oro c\u00e1lido, un aroma cremoso, floral, toques de vainilla, frutas de verano y malta. Su sabor se destaca por peras, pi\u00f1a, pl\u00e1tano, toques dulces y especias. Su final es de larga duraci\u00f3n y floral.<\/strong><\/p><\/blockquote>\n<hr \/>\n<p>En 1825, George Cooper fund\u00f3 la destiler\u00eda <strong>Glencadam<\/strong>. La destiler\u00eda cambi\u00f3 de manos varias veces durante el siglo 19, pero s\u00f3lo dos veces en el siglo 20. En julio de 1954, Andrew Stevenson y Harry Southwell vendieron Glencadam a Hiram Walker y cinco a\u00f1os m\u00e1s tarde, Hiram Walker renov\u00f3 los edificios. En 1987 Allied Lyons, que m\u00e1s tarde se convirti\u00f3 en Allied Domecq, les compr\u00f3 la destiler\u00eda, que para entonces hab\u00eda cambiado tambi\u00e9n de nombre, Hiram Walker Gooderham &amp; Worts. En 2003 la vendi\u00f3 en 2003 a Angus Dundee.<\/p>\n<p>A pesar de haber cerrado durante tres a\u00f1osantes de la venta, la destiler\u00eda hab\u00eda sido dejada en tan buenas condiciones por Allied, que Angus Dundee pudo volver a abrirla s\u00f3lo dos meses despu\u00e9s de la adquisici\u00f3n. Glencadam fue la segunda destiler\u00eda de Angus Dundee, siendo la primera Tomintoul.Tradicionalmente, los alambiques en Glencadam se calentaban mediante carb\u00f3n, que produc\u00eda mucho humo y era muy sucio, y adem\u00e1s requer\u00edan mucho trabajo manual. Ahora usan vapor para controlar la temperatura de los alambiques. Glencadam ha operado con s\u00f3lo dos alambiques desde que comenz\u00f3 en 1825. La forma de los alambiques en Glencadam juega un papel importante en la destilaci\u00f3n, dando un car\u00e1cter final especial al \u201cnew make spirit\u201d, preciado l\u00edquido resultante del \u00faltimo proceso de destilaci\u00f3n.<\/p>\n<p>Una caracter\u00edstica inusual en el sector es la l\u00ednea de tuber\u00edas de <strong>Glencadam<\/strong>, que corren hacia arriba en un \u00e1ngulo de 15 grados, en lugar de hacia abajo. Esto ayuda a producir un \u201cspirit\u201d particularmente delicado y suave. La destiler\u00eda <strong>Glencadam<\/strong> funciona a plena capacidad con sus dos alambiques que producen alrededor de 1,4 millones de litros y est\u00e1 dotada de once almacenes para sus barriles.<\/p>\n<hr \/>\n<div id='gallery-1' class='gallery galleryid-3057 gallery-columns-1 gallery-size-full'><figure class='gallery-item'>\n\t\t\t<div class='gallery-icon landscape'>\n\t\t\t\t<a href='https:\/\/whiskymaltargentina.com\/whiskyshop\/wp-content\/uploads\/2024\/06\/glencaorigin_1.jpg'><img loading=\"lazy\" decoding=\"async\" width=\"1000\" height=\"1000\" src=\"https:\/\/whiskymaltargentina.com\/whiskyshop\/wp-content\/uploads\/2024\/06\/glencaorigin_1.jpg\" class=\"attachment-full size-full\" alt=\"\" srcset=\"https:\/\/whiskymaltargentina.com\/whiskyshop\/wp-content\/uploads\/2024\/06\/glencaorigin_1.jpg 1000w, https:\/\/whiskymaltargentina.com\/whiskyshop\/wp-content\/uploads\/2024\/06\/glencaorigin_1-300x300.jpg 300w, https:\/\/whiskymaltargentina.com\/whiskyshop\/wp-content\/uploads\/2024\/06\/glencaorigin_1-150x150.jpg 150w, https:\/\/whiskymaltargentina.com\/whiskyshop\/wp-content\/uploads\/2024\/06\/glencaorigin_1-768x768.jpg 768w, https:\/\/whiskymaltargentina.com\/whiskyshop\/wp-content\/uploads\/2024\/06\/glencaorigin_1-600x600.jpg 600w, https:\/\/whiskymaltargentina.com\/whiskyshop\/wp-content\/uploads\/2024\/06\/glencaorigin_1-100x100.jpg 100w\" sizes=\"auto, (max-width: 1000px) 100vw, 1000px\" \/><\/a>\n\t\t\t<\/div><\/figure><figure class='gallery-item'>\n\t\t\t<div class='gallery-icon landscape'>\n\t\t\t\t<a href='https:\/\/whiskymaltargentina.com\/whiskyshop\/wp-content\/uploads\/2024\/06\/glencaorigin_2.jpg'><img loading=\"lazy\" decoding=\"async\" width=\"1000\" height=\"1000\" src=\"https:\/\/whiskymaltargentina.com\/whiskyshop\/wp-content\/uploads\/2024\/06\/glencaorigin_2.jpg\" class=\"attachment-full size-full\" alt=\"\" srcset=\"https:\/\/whiskymaltargentina.com\/whiskyshop\/wp-content\/uploads\/2024\/06\/glencaorigin_2.jpg 1000w, https:\/\/whiskymaltargentina.com\/whiskyshop\/wp-content\/uploads\/2024\/06\/glencaorigin_2-300x300.jpg 300w, https:\/\/whiskymaltargentina.com\/whiskyshop\/wp-content\/uploads\/2024\/06\/glencaorigin_2-150x150.jpg 150w, https:\/\/whiskymaltargentina.com\/whiskyshop\/wp-content\/uploads\/2024\/06\/glencaorigin_2-768x768.jpg 768w, https:\/\/whiskymaltargentina.com\/whiskyshop\/wp-content\/uploads\/2024\/06\/glencaorigin_2-600x600.jpg 600w, https:\/\/whiskymaltargentina.com\/whiskyshop\/wp-content\/uploads\/2024\/06\/glencaorigin_2-100x100.jpg 100w\" sizes=\"auto, (max-width: 1000px) 100vw, 1000px\" \/><\/a>\n\t\t\t<\/div><\/figure><figure class='gallery-item'>\n\t\t\t<div class='gallery-icon landscape'>\n\t\t\t\t<a href='https:\/\/whiskymaltargentina.com\/whiskyshop\/wp-content\/uploads\/2024\/06\/glenca10_3.jpg'><img loading=\"lazy\" decoding=\"async\" width=\"1000\" height=\"1000\" src=\"https:\/\/whiskymaltargentina.com\/whiskyshop\/wp-content\/uploads\/2024\/06\/glenca10_3.jpg\" class=\"attachment-full size-full\" alt=\"\" srcset=\"https:\/\/whiskymaltargentina.com\/whiskyshop\/wp-content\/uploads\/2024\/06\/glenca10_3.jpg 1000w, https:\/\/whiskymaltargentina.com\/whiskyshop\/wp-content\/uploads\/2024\/06\/glenca10_3-300x300.jpg 300w, https:\/\/whiskymaltargentina.com\/whiskyshop\/wp-content\/uploads\/2024\/06\/glenca10_3-150x150.jpg 150w, https:\/\/whiskymaltargentina.com\/whiskyshop\/wp-content\/uploads\/2024\/06\/glenca10_3-768x768.jpg 768w, https:\/\/whiskymaltargentina.com\/whiskyshop\/wp-content\/uploads\/2024\/06\/glenca10_3-600x600.jpg 600w, https:\/\/whiskymaltargentina.com\/whiskyshop\/wp-content\/uploads\/2024\/06\/glenca10_3-100x100.jpg 100w\" sizes=\"auto, (max-width: 1000px) 100vw, 1000px\" \/><\/a>\n\t\t\t<\/div><\/figure><figure class='gallery-item'>\n\t\t\t<div class='gallery-icon landscape'>\n\t\t\t\t<a href='https:\/\/whiskymaltargentina.com\/whiskyshop\/wp-content\/uploads\/2024\/06\/glenca13_2.jpg'><img loading=\"lazy\" decoding=\"async\" width=\"1000\" height=\"1000\" src=\"https:\/\/whiskymaltargentina.com\/whiskyshop\/wp-content\/uploads\/2024\/06\/glenca13_2.jpg\" class=\"attachment-full size-full\" alt=\"\" srcset=\"https:\/\/whiskymaltargentina.com\/whiskyshop\/wp-content\/uploads\/2024\/06\/glenca13_2.jpg 1000w, https:\/\/whiskymaltargentina.com\/whiskyshop\/wp-content\/uploads\/2024\/06\/glenca13_2-300x300.jpg 300w, https:\/\/whiskymaltargentina.com\/whiskyshop\/wp-content\/uploads\/2024\/06\/glenca13_2-150x150.jpg 150w, https:\/\/whiskymaltargentina.com\/whiskyshop\/wp-content\/uploads\/2024\/06\/glenca13_2-768x768.jpg 768w, https:\/\/whiskymaltargentina.com\/whiskyshop\/wp-content\/uploads\/2024\/06\/glenca13_2-600x600.jpg 600w, https:\/\/whiskymaltargentina.com\/whiskyshop\/wp-content\/uploads\/2024\/06\/glenca13_2-100x100.jpg 100w\" sizes=\"auto, (max-width: 1000px) 100vw, 1000px\" \/><\/a>\n\t\t\t<\/div><\/figure>\n\t\t<\/div>\n\n","protected":false},"excerpt":{"rendered":"<p>Un single malt de las Tierras Altas que presume elegancia. Toma su nombre (`Origen 1825`) de la fecha en que se fund\u00f3 la destiler\u00eda <strong>Glencadam<\/strong>. Madurado en barricas de bourbon y terminada en botas de jerez Oloroso, esta malta muestra una maravillosa complejidad frutal que va desde frutas rojas hasta frutas tropicales que se transmite al paladar. El final evoluciona con una complejidad especiada festiva. Tiene un color oro c\u00e1lido, un aroma cremoso, floral, toques de vainilla, frutas de verano y malta. Su sabor se destaca por peras, pi\u00f1a, pl\u00e1tano, toques dulces y especias. Su final es de larga duraci\u00f3n y floral.<\/p>\n<p>&nbsp;<\/p>\n<h6><em>Beber con moderaci\u00f3n. Prohibida su venta a menores de 18 a\u00f1os.<\/em><\/h6>\n","protected":false},"featured_media":3058,"comment_status":"closed","ping_status":"closed","template":"","meta":{"nf_dc_page":"","_uag_custom_page_level_css":"","site-sidebar-layout":"default","site-content-layout":"default","ast-site-content-layout":"default","site-content-style":"default","site-sidebar-style":"default","ast-global-header-display":"","ast-banner-title-visibility":"","ast-main-header-display":"","ast-hfb-above-header-display":"","ast-hfb-below-header-display":"","ast-hfb-mobile-header-display":"","site-post-title":"","ast-breadcrumbs-content":"","ast-featured-img":"","footer-sml-layout":"","ast-disable-related-posts":"","theme-transparent-header-meta":"default","adv-header-id-meta":"","stick-header-meta":"default","header-above-stick-meta":"","header-main-stick-meta":"","header-below-stick-meta":"","astra-migrate-meta-layouts":"set","ast-page-background-enabled":"default","ast-page-background-meta":{"desktop":{"background-color":"","background-image":"","background-repeat":"repeat","background-position":"center center","background-size":"auto","background-attachment":"scroll","background-type":"","background-media":"","overlay-type":"","overlay-color":"","overlay-opacity":"","overlay-gradient":""},"tablet":{"background-color":"","background-image":"","background-repeat":"repeat","background-position":"center center","background-size":"auto","background-attachment":"scroll","background-type":"","background-media":"","overlay-type":"","overlay-color":"","overlay-opacity":"","overlay-gradient":""},"mobile":{"background-color":"","background-image":"","background-repeat":"repeat","background-position":"center center","background-size":"auto","background-attachment":"scroll","background-type":"","background-media":"","overlay-type":"","overlay-color":"","overlay-opacity":"","overlay-gradient":""}},"ast-content-background-meta":{"desktop":{"background-color":"var(--ast-global-color-5)","background-image":"","background-repeat":"repeat","background-position":"center center","background-size":"auto","background-attachment":"scroll","background-type":"","background-media":"","overlay-type":"","overlay-color":"","overlay-opacity":"","overlay-gradient":""},"tablet":{"background-color":"var(--ast-global-color-5)","background-image":"","background-repeat":"repeat","background-position":"center center","background-size":"auto","background-attachment":"scroll","background-type":"","background-media":"","overlay-type":"","overlay-color":"","overlay-opacity":"","overlay-gradient":""},"mobile":{"background-color":"var(--ast-global-color-5)","background-image":"","background-repeat":"repeat","background-position":"center center","background-size":"auto","background-attachment":"scroll","background-type":"","background-media":"","overlay-type":"","overlay-color":"","overlay-opacity":"","overlay-gradient":""}},"_joinchat":[]},"product_brand":[],"product_cat":[42,74],"product_tag":[82,56,83,55],"class_list":{"0":"post-3057","1":"product","2":"type-product","3":"status-publish","4":"has-post-thumbnail","6":"product_cat-productosexclusivos","7":"product_cat-glencadam","8":"product_tag-escoces","9":"product_tag-highlands","10":"product_tag-sherry","11":"product_tag-single-malt","12":"desktop-align-left","13":"tablet-align-left","14":"mobile-align-left","15":"ast-product-gallery-layout-horizontal-slider","16":"ast-product-gallery-with-no-image","17":"ast-product-tabs-layout-horizontal","18":"ast-qv-on-image","20":"first","21":"instock","22":"shipping-taxable","23":"product-type-simple"},"uagb_featured_image_src":{"full":["https:\/\/whiskymaltargentina.com\/whiskyshop\/wp-content\/uploads\/2024\/06\/glencaorogin.jpg",1200,1200,false],"thumbnail":["https:\/\/whiskymaltargentina.com\/whiskyshop\/wp-content\/uploads\/2024\/06\/glencaorogin-150x150.jpg",150,150,true],"medium":["https:\/\/whiskymaltargentina.com\/whiskyshop\/wp-content\/uploads\/2024\/06\/glencaorogin-300x300.jpg",300,300,true],"medium_large":["https:\/\/whiskymaltargentina.com\/whiskyshop\/wp-content\/uploads\/2024\/06\/glencaorogin-768x768.jpg",768,768,true],"large":["https:\/\/whiskymaltargentina.com\/whiskyshop\/wp-content\/uploads\/2024\/06\/glencaorogin-1024x1024.jpg",1024,1024,true],"1536x1536":["https:\/\/whiskymaltargentina.com\/whiskyshop\/wp-content\/uploads\/2024\/06\/glencaorogin.jpg",1200,1200,false],"2048x2048":["https:\/\/whiskymaltargentina.com\/whiskyshop\/wp-content\/uploads\/2024\/06\/glencaorogin.jpg",1200,1200,false],"woocommerce_thumbnail":["https:\/\/whiskymaltargentina.com\/whiskyshop\/wp-content\/uploads\/2024\/06\/glencaorogin-300x300.jpg",300,300,true],"woocommerce_single":["https:\/\/whiskymaltargentina.com\/whiskyshop\/wp-content\/uploads\/2024\/06\/glencaorogin-600x600.jpg",600,600,true],"woocommerce_gallery_thumbnail":["https:\/\/whiskymaltargentina.com\/whiskyshop\/wp-content\/uploads\/2024\/06\/glencaorogin-100x100.jpg",100,100,true]},"uagb_author_info":{"display_name":"@Monroe3980","author_link":"https:\/\/whiskymaltargentina.com\/whiskyshop\/author\/"},"uagb_comment_info":0,"uagb_excerpt":"Un single malt de las Tierras Altas que presume elegancia. Toma su nombre (`Origen 1825`) de la fecha en que se fund\u00f3 la destiler\u00eda Glencadam. Madurado en barricas de bourbon y terminada en botas de jerez Oloroso, esta malta muestra una maravillosa complejidad frutal que va desde frutas rojas hasta frutas tropicales que se transmite&hellip;","_links":{"self":[{"href":"https:\/\/whiskymaltargentina.com\/whiskyshop\/wp-json\/wp\/v2\/product\/3057","targetHints":{"allow":["GET"]}}],"collection":[{"href":"https:\/\/whiskymaltargentina.com\/whiskyshop\/wp-json\/wp\/v2\/product"}],"about":[{"href":"https:\/\/whiskymaltargentina.com\/whiskyshop\/wp-json\/wp\/v2\/types\/product"}],"replies":[{"embeddable":true,"href":"https:\/\/whiskymaltargentina.com\/whiskyshop\/wp-json\/wp\/v2\/comments?post=3057"}],"wp:featuredmedia":[{"embeddable":true,"href":"https:\/\/whiskymaltargentina.com\/whiskyshop\/wp-json\/wp\/v2\/media\/3058"}],"wp:attachment":[{"href":"https:\/\/whiskymaltargentina.com\/whiskyshop\/wp-json\/wp\/v2\/media?parent=3057"}],"wp:term":[{"taxonomy":"product_brand","embeddable":true,"href":"https:\/\/whiskymaltargentina.com\/whiskyshop\/wp-json\/wp\/v2\/product_brand?post=3057"},{"taxonomy":"product_cat","embeddable":true,"href":"https:\/\/whiskymaltargentina.com\/whiskyshop\/wp-json\/wp\/v2\/product_cat?post=3057"},{"taxonomy":"product_tag","embeddable":true,"href":"https:\/\/whiskymaltargentina.com\/whiskyshop\/wp-json\/wp\/v2\/product_tag?post=3057"}],"curies":[{"name":"wp","href":"https:\/\/api.w.org\/{rel}","templated":true}]}}