{"id":3023,"date":"2024-06-29T21:14:40","date_gmt":"2024-06-29T21:14:40","guid":{"rendered":"https:\/\/whiskymaltargentina.com\/whiskyshop\/?post_type=product&#038;p=3023"},"modified":"2025-08-01T20:40:28","modified_gmt":"2025-08-01T20:40:28","slug":"arran-10-anos","status":"publish","type":"product","link":"https:\/\/whiskymaltargentina.com\/whiskyshop\/producto\/arran-10-anos\/","title":{"rendered":"Arran 10 a\u00f1os"},"content":{"rendered":"<p>&nbsp;<\/p>\n<blockquote><p><strong>Arran 10 a\u00f1os es el single malt insignia de la destiler\u00eda. En esta edici\u00f3n de 10 a\u00f1os de a\u00f1ejamiento, se encierra todo el sabor de la isla (Arran), siendo un single malt afrutado, delicado y con un largo final algo dulce con toques de miel.<\/strong><\/p><\/blockquote>\n<hr \/>\n<p>La destiler\u00eda <strong>Arran<\/strong> fue fundada en 1993 por Harold Curie en Lochranza, en el extremo norte de la isla de Arran. Aunque esta isla de la regi\u00f3n de las Tierras Altas tiene una tradici\u00f3n hist\u00f3rica de destilaci\u00f3n de whisky, durante mucho tiempo esto se llev\u00f3 a cabo principalmente fuera de los libros de historia. Arran afirma con orgullo que su primer lote destapado en 1998 fue el primer trago legal de whisky que se hizo en la isla en m\u00e1s de 150 a\u00f1os.<\/p>\n<p>La destiler\u00eda inici\u00f3 su producci\u00f3n en 1995 y en 1998 abri\u00f3 su primer barril de un single malt madurado durante tres a\u00f1os. En los a\u00f1os siguientes se lanzaron una serie de barricas individuales y acabados de madera, incluidos Oporto, Marsala, Cognac y Champangne. Luego, en 2006, Arran lanz\u00f3 su single malt de 10 a\u00f1os despu\u00e9s de un lanzamiento limitado el a\u00f1o anterior. Con notas de vainilla junto con los c\u00edtricos comunes a los whiskies Arran, sigue siendo un elemento b\u00e1sico de la gama principal.<\/p>\n<p>2007 fue un gran a\u00f1o para <strong>Arran<\/strong>. La empresa propietaria, <strong>Isle of Arran Distilleries<\/strong>, fue nombrada Destiler\u00eda escocesa del a\u00f1o. Un buen logro para una instituci\u00f3n de menos de 20 a\u00f1os en ese momento. Ese a\u00f1o tambi\u00e9n vio un importante cambio de guardia cuando el actual maestro destilador James MacTaggert asumi\u00f3 la responsabilidad de George Mitchell.<\/p>\n<p>A pesar de su corta edad, <strong>Arran<\/strong> siempre se ha adherido a los m\u00e9todos tradicionales. La destiler\u00eda en Lochranza est\u00e1 equipada con seis washbacks de pino de Oreg\u00f3n y cuatro alambiques de cobre con cuello de cisne. Si bien los whiskies de turba se produjeron en Arran durante la mayor parte de los 15 a\u00f1os, esa pr\u00e1ctica lleg\u00f3 a su fin en 2019. La producci\u00f3n de whisky de turba se traslad\u00f3 a la destiler\u00eda Lagg reci\u00e9n construida en el extremo sur de la isla, que tambi\u00e9n es propiedad de <strong>Isle of Arran Distillers<\/strong>.<\/p>\n<p>Junto con el de 10 a\u00f1os, la gama principal de <strong>Arran<\/strong> incluye whiskies de 18 y 21 a\u00f1os, el Robert Burns Single Malt y una amplia gama de expresiones de madera. Los diferentes single malts de Arran se maduran en barricas que contienen bourbon, oporto, jerez, sauternes y otros licores. El Final Amarone adopta un color rub\u00ed profundo de su maduraci\u00f3n secundaria en barricas de vino tinto Amarone de la regi\u00f3n de Veneto de Italia. A eso se une el final dulce y especiado de Sauternes, con aromas afrutados que emergen nada m\u00e1s descorcharlo.<\/p>\n<p>Tambi\u00e9n se han lanzado varias ediciones limitadas, como el Machie Moor Single Malt turbado o el C\u00f4te-R\u00f4tie Finish. En 2017 se lanz\u00f3 un Single Malt especial de 12 a\u00f1os para celebrar el trabajo de James MacTaggert. 2018 vio el lanzamiento de Brodick Bay, madurado en barricas de jerez oloroso.<\/p>\n<hr \/>\n<div id='gallery-1' class='gallery galleryid-3023 gallery-columns-1 gallery-size-full'><figure class='gallery-item'>\n\t\t\t<div class='gallery-icon landscape'>\n\t\t\t\t<a href='https:\/\/whiskymaltargentina.com\/whiskyshop\/wp-content\/uploads\/2024\/06\/arran10_3.jpg'><img loading=\"lazy\" decoding=\"async\" width=\"1000\" height=\"1000\" src=\"https:\/\/whiskymaltargentina.com\/whiskyshop\/wp-content\/uploads\/2024\/06\/arran10_3.jpg\" class=\"attachment-full size-full\" alt=\"\" srcset=\"https:\/\/whiskymaltargentina.com\/whiskyshop\/wp-content\/uploads\/2024\/06\/arran10_3.jpg 1000w, https:\/\/whiskymaltargentina.com\/whiskyshop\/wp-content\/uploads\/2024\/06\/arran10_3-300x300.jpg 300w, https:\/\/whiskymaltargentina.com\/whiskyshop\/wp-content\/uploads\/2024\/06\/arran10_3-150x150.jpg 150w, https:\/\/whiskymaltargentina.com\/whiskyshop\/wp-content\/uploads\/2024\/06\/arran10_3-768x768.jpg 768w, https:\/\/whiskymaltargentina.com\/whiskyshop\/wp-content\/uploads\/2024\/06\/arran10_3-600x600.jpg 600w, https:\/\/whiskymaltargentina.com\/whiskyshop\/wp-content\/uploads\/2024\/06\/arran10_3-100x100.jpg 100w\" sizes=\"auto, (max-width: 1000px) 100vw, 1000px\" \/><\/a>\n\t\t\t<\/div><\/figure><figure class='gallery-item'>\n\t\t\t<div class='gallery-icon landscape'>\n\t\t\t\t<a href='https:\/\/whiskymaltargentina.com\/whiskyshop\/wp-content\/uploads\/2024\/06\/arran10_2.jpg'><img loading=\"lazy\" decoding=\"async\" width=\"1000\" height=\"1000\" src=\"https:\/\/whiskymaltargentina.com\/whiskyshop\/wp-content\/uploads\/2024\/06\/arran10_2.jpg\" class=\"attachment-full size-full\" alt=\"\" srcset=\"https:\/\/whiskymaltargentina.com\/whiskyshop\/wp-content\/uploads\/2024\/06\/arran10_2.jpg 1000w, https:\/\/whiskymaltargentina.com\/whiskyshop\/wp-content\/uploads\/2024\/06\/arran10_2-300x300.jpg 300w, https:\/\/whiskymaltargentina.com\/whiskyshop\/wp-content\/uploads\/2024\/06\/arran10_2-150x150.jpg 150w, https:\/\/whiskymaltargentina.com\/whiskyshop\/wp-content\/uploads\/2024\/06\/arran10_2-768x768.jpg 768w, https:\/\/whiskymaltargentina.com\/whiskyshop\/wp-content\/uploads\/2024\/06\/arran10_2-600x600.jpg 600w, https:\/\/whiskymaltargentina.com\/whiskyshop\/wp-content\/uploads\/2024\/06\/arran10_2-100x100.jpg 100w\" sizes=\"auto, (max-width: 1000px) 100vw, 1000px\" \/><\/a>\n\t\t\t<\/div><\/figure><figure class='gallery-item'>\n\t\t\t<div class='gallery-icon landscape'>\n\t\t\t\t<a href='https:\/\/whiskymaltargentina.com\/whiskyshop\/wp-content\/uploads\/2024\/06\/arran10_4.jpg'><img loading=\"lazy\" decoding=\"async\" width=\"1000\" height=\"1000\" src=\"https:\/\/whiskymaltargentina.com\/whiskyshop\/wp-content\/uploads\/2024\/06\/arran10_4.jpg\" class=\"attachment-full size-full\" alt=\"\" srcset=\"https:\/\/whiskymaltargentina.com\/whiskyshop\/wp-content\/uploads\/2024\/06\/arran10_4.jpg 1000w, https:\/\/whiskymaltargentina.com\/whiskyshop\/wp-content\/uploads\/2024\/06\/arran10_4-300x300.jpg 300w, https:\/\/whiskymaltargentina.com\/whiskyshop\/wp-content\/uploads\/2024\/06\/arran10_4-150x150.jpg 150w, https:\/\/whiskymaltargentina.com\/whiskyshop\/wp-content\/uploads\/2024\/06\/arran10_4-768x768.jpg 768w, https:\/\/whiskymaltargentina.com\/whiskyshop\/wp-content\/uploads\/2024\/06\/arran10_4-600x600.jpg 600w, https:\/\/whiskymaltargentina.com\/whiskyshop\/wp-content\/uploads\/2024\/06\/arran10_4-100x100.jpg 100w\" sizes=\"auto, (max-width: 1000px) 100vw, 1000px\" \/><\/a>\n\t\t\t<\/div><\/figure>\n\t\t<\/div>\n\n","protected":false},"excerpt":{"rendered":"<p><strong>Arran 10 a\u00f1os<\/strong> es el single malt insignia de la destiler\u00eda. En esta edici\u00f3n de 10 a\u00f1os de a\u00f1ejamiento, se encierra todo el sabor de la isla (Arran), siendo un single malt afrutado, delicado y con un largo final algo dulce con toques de miel.<\/p>\n<p>&nbsp;<\/p>\n<h6><em>Beber con moderaci\u00f3n. Prohibida su venta a menores de 18 a\u00f1os.<\/em><\/h6>\n","protected":false},"featured_media":3036,"comment_status":"closed","ping_status":"closed","template":"","meta":{"nf_dc_page":"","_uag_custom_page_level_css":"","site-sidebar-layout":"default","site-content-layout":"default","ast-site-content-layout":"default","site-content-style":"default","site-sidebar-style":"default","ast-global-header-display":"","ast-banner-title-visibility":"","ast-main-header-display":"","ast-hfb-above-header-display":"","ast-hfb-below-header-display":"","ast-hfb-mobile-header-display":"","site-post-title":"","ast-breadcrumbs-content":"","ast-featured-img":"","footer-sml-layout":"","ast-disable-related-posts":"","theme-transparent-header-meta":"default","adv-header-id-meta":"","stick-header-meta":"default","header-above-stick-meta":"","header-main-stick-meta":"","header-below-stick-meta":"","astra-migrate-meta-layouts":"set","ast-page-background-enabled":"default","ast-page-background-meta":{"desktop":{"background-color":"","background-image":"","background-repeat":"repeat","background-position":"center center","background-size":"auto","background-attachment":"scroll","background-type":"","background-media":"","overlay-type":"","overlay-color":"","overlay-opacity":"","overlay-gradient":""},"tablet":{"background-color":"","background-image":"","background-repeat":"repeat","background-position":"center center","background-size":"auto","background-attachment":"scroll","background-type":"","background-media":"","overlay-type":"","overlay-color":"","overlay-opacity":"","overlay-gradient":""},"mobile":{"background-color":"","background-image":"","background-repeat":"repeat","background-position":"center center","background-size":"auto","background-attachment":"scroll","background-type":"","background-media":"","overlay-type":"","overlay-color":"","overlay-opacity":"","overlay-gradient":""}},"ast-content-background-meta":{"desktop":{"background-color":"var(--ast-global-color-5)","background-image":"","background-repeat":"repeat","background-position":"center center","background-size":"auto","background-attachment":"scroll","background-type":"","background-media":"","overlay-type":"","overlay-color":"","overlay-opacity":"","overlay-gradient":""},"tablet":{"background-color":"var(--ast-global-color-5)","background-image":"","background-repeat":"repeat","background-position":"center center","background-size":"auto","background-attachment":"scroll","background-type":"","background-media":"","overlay-type":"","overlay-color":"","overlay-opacity":"","overlay-gradient":""},"mobile":{"background-color":"var(--ast-global-color-5)","background-image":"","background-repeat":"repeat","background-position":"center center","background-size":"auto","background-attachment":"scroll","background-type":"","background-media":"","overlay-type":"","overlay-color":"","overlay-opacity":"","overlay-gradient":""}},"_joinchat":[]},"product_brand":[],"product_cat":[42,72],"product_tag":[90,82,56,55],"class_list":{"0":"post-3023","1":"product","2":"type-product","3":"status-publish","4":"has-post-thumbnail","6":"product_cat-productosexclusivos","7":"product_cat-arran","8":"product_tag-10yo","9":"product_tag-escoces","10":"product_tag-highlands","11":"product_tag-single-malt","12":"desktop-align-left","13":"tablet-align-left","14":"mobile-align-left","15":"ast-product-gallery-layout-horizontal-slider","16":"ast-product-gallery-with-no-image","17":"ast-product-tabs-layout-horizontal","18":"ast-qv-on-image","20":"first","21":"instock","22":"shipping-taxable","23":"product-type-simple"},"uagb_featured_image_src":{"full":["https:\/\/whiskymaltargentina.com\/whiskyshop\/wp-content\/uploads\/2024\/06\/arran102.jpg",1200,1200,false],"thumbnail":["https:\/\/whiskymaltargentina.com\/whiskyshop\/wp-content\/uploads\/2024\/06\/arran102-150x150.jpg",150,150,true],"medium":["https:\/\/whiskymaltargentina.com\/whiskyshop\/wp-content\/uploads\/2024\/06\/arran102-300x300.jpg",300,300,true],"medium_large":["https:\/\/whiskymaltargentina.com\/whiskyshop\/wp-content\/uploads\/2024\/06\/arran102-768x768.jpg",768,768,true],"large":["https:\/\/whiskymaltargentina.com\/whiskyshop\/wp-content\/uploads\/2024\/06\/arran102-1024x1024.jpg",1024,1024,true],"1536x1536":["https:\/\/whiskymaltargentina.com\/whiskyshop\/wp-content\/uploads\/2024\/06\/arran102.jpg",1200,1200,false],"2048x2048":["https:\/\/whiskymaltargentina.com\/whiskyshop\/wp-content\/uploads\/2024\/06\/arran102.jpg",1200,1200,false],"woocommerce_thumbnail":["https:\/\/whiskymaltargentina.com\/whiskyshop\/wp-content\/uploads\/2024\/06\/arran102-300x300.jpg",300,300,true],"woocommerce_single":["https:\/\/whiskymaltargentina.com\/whiskyshop\/wp-content\/uploads\/2024\/06\/arran102-600x600.jpg",600,600,true],"woocommerce_gallery_thumbnail":["https:\/\/whiskymaltargentina.com\/whiskyshop\/wp-content\/uploads\/2024\/06\/arran102-100x100.jpg",100,100,true]},"uagb_author_info":{"display_name":"@Monroe3980","author_link":"https:\/\/whiskymaltargentina.com\/whiskyshop\/author\/"},"uagb_comment_info":0,"uagb_excerpt":"Arran 10 a\u00f1os es el single malt insignia de la destiler\u00eda. En esta edici\u00f3n de 10 a\u00f1os de a\u00f1ejamiento, se encierra todo el sabor de la isla (Arran), siendo un single malt afrutado, delicado y con un largo final algo dulce con toques de miel. &nbsp; Beber con moderaci\u00f3n. Prohibida su venta a menores de&hellip;","_links":{"self":[{"href":"https:\/\/whiskymaltargentina.com\/whiskyshop\/wp-json\/wp\/v2\/product\/3023","targetHints":{"allow":["GET"]}}],"collection":[{"href":"https:\/\/whiskymaltargentina.com\/whiskyshop\/wp-json\/wp\/v2\/product"}],"about":[{"href":"https:\/\/whiskymaltargentina.com\/whiskyshop\/wp-json\/wp\/v2\/types\/product"}],"replies":[{"embeddable":true,"href":"https:\/\/whiskymaltargentina.com\/whiskyshop\/wp-json\/wp\/v2\/comments?post=3023"}],"wp:featuredmedia":[{"embeddable":true,"href":"https:\/\/whiskymaltargentina.com\/whiskyshop\/wp-json\/wp\/v2\/media\/3036"}],"wp:attachment":[{"href":"https:\/\/whiskymaltargentina.com\/whiskyshop\/wp-json\/wp\/v2\/media?parent=3023"}],"wp:term":[{"taxonomy":"product_brand","embeddable":true,"href":"https:\/\/whiskymaltargentina.com\/whiskyshop\/wp-json\/wp\/v2\/product_brand?post=3023"},{"taxonomy":"product_cat","embeddable":true,"href":"https:\/\/whiskymaltargentina.com\/whiskyshop\/wp-json\/wp\/v2\/product_cat?post=3023"},{"taxonomy":"product_tag","embeddable":true,"href":"https:\/\/whiskymaltargentina.com\/whiskyshop\/wp-json\/wp\/v2\/product_tag?post=3023"}],"curies":[{"name":"wp","href":"https:\/\/api.w.org\/{rel}","templated":true}]}}