{"id":2975,"date":"2024-06-29T18:35:01","date_gmt":"2024-06-29T18:35:01","guid":{"rendered":"https:\/\/whiskymaltargentina.com\/whiskyshop\/?post_type=product&#038;p=2975"},"modified":"2025-08-01T20:42:28","modified_gmt":"2025-08-01T20:42:28","slug":"rittenhouse","status":"publish","type":"product","link":"https:\/\/whiskymaltargentina.com\/whiskyshop\/producto\/rittenhouse\/","title":{"rendered":"Rittenhouse"},"content":{"rendered":"<p>&nbsp;<\/p>\n<blockquote><p><strong>Rittenhouse Straight Rye tiene un pasado hist\u00f3rico con una herencia que conmemora la famosa plaza Rittenhouse de Filadelfia. El Rittenhouse de hoy tiene el sabor picante distintivo que se asocia desde hace mucho tiempo con la marca. Elaborado a partir de un 65% de centeno, 23% de maiz y 12% de cebada malteada, Rittenhouse es el Rye whisky elegido tanto por los amantes de la cocteler\u00eda como por los amantes al whisky.<\/strong><\/p>\n<p><strong>Hecho en un estilo cl\u00e1sico de Pensilvania en la destiler\u00eda Heaven Hill en Kentucky, ha sido envejecido durante al menos cuatro a\u00f1os en barrica de roble americano carbonizada y embotellado a 50\u00b0 grados. Para ser llamado \u201cBottle-in-Bond\u201d tambi\u00e9n tiene que ser el producto de una sola destiler\u00eda, elaborado en una sola temporada en un solo a\u00f1o.<\/strong><\/p><\/blockquote>\n<hr \/>\n<p>La destiler\u00eda <strong>Heaven Hill Inc.<\/strong> fue fundada en Bardstown, Kentucky en 1934, no mucho despu\u00e9s de la abolici\u00f3n de la ley seca. La empresa comenz\u00f3 con s\u00f3lo doce empleados y el primer barril se llen\u00f3 el 13 de diciembre 1935, y llevaba las etiquetas con el nombre Bourbon Falls. Durante la Segunda Guerra Mundial la destiler\u00eda detuvo la producci\u00f3n de whisky y se centr\u00f3 en la producci\u00f3n de alcohol.<\/p>\n<p>En 1957 la marca Evan Williams fue presentada en el mercado por <strong>Heaven Hill<\/strong>, llamada as\u00ed en homenaje al primer destilador acreditado de Kentucky. La nueva marca se convirti\u00f3 r\u00e1pidamente en un \u00e9xito. En 1986, <strong>Heaven Hill<\/strong> lanz\u00f3 la gama de Bourbon llamada Elijah Craig, considerado como el &#8220;Padre del Bourbon&#8221;, un reverendo de Virginia, cuyo granero se incendi\u00f3 y en consecuencia se quemaron un buen n\u00famero de sus barriles. En lugar de tirarlos a la basura, El\u00edjah llen\u00f3 los recipientes calcinados para ver qu\u00e9 whisky obten\u00edan, y encontraron que tanto el color como el sabor mejoraron enormemente.<\/p>\n<p>Hoy en d\u00eda, <strong>Heaven Hill Inc.<\/strong> Es el s\u00e9ptimo distribuidor m\u00e1s grande de bourbon en Estados Unidos, con una capacidad de almacenaje de 750.000 barriles. Sigue siendo propietario independiente.<\/p>\n<hr \/>\n<div id='gallery-1' class='gallery galleryid-2975 gallery-columns-1 gallery-size-full'><figure class='gallery-item'>\n\t\t\t<div class='gallery-icon landscape'>\n\t\t\t\t<a href='https:\/\/whiskymaltargentina.com\/whiskyshop\/wp-content\/uploads\/2024\/06\/ritten_2.jpg'><img loading=\"lazy\" decoding=\"async\" width=\"1000\" height=\"1000\" src=\"https:\/\/whiskymaltargentina.com\/whiskyshop\/wp-content\/uploads\/2024\/06\/ritten_2.jpg\" class=\"attachment-full size-full\" alt=\"\" srcset=\"https:\/\/whiskymaltargentina.com\/whiskyshop\/wp-content\/uploads\/2024\/06\/ritten_2.jpg 1000w, https:\/\/whiskymaltargentina.com\/whiskyshop\/wp-content\/uploads\/2024\/06\/ritten_2-300x300.jpg 300w, https:\/\/whiskymaltargentina.com\/whiskyshop\/wp-content\/uploads\/2024\/06\/ritten_2-150x150.jpg 150w, https:\/\/whiskymaltargentina.com\/whiskyshop\/wp-content\/uploads\/2024\/06\/ritten_2-768x768.jpg 768w, https:\/\/whiskymaltargentina.com\/whiskyshop\/wp-content\/uploads\/2024\/06\/ritten_2-600x600.jpg 600w, https:\/\/whiskymaltargentina.com\/whiskyshop\/wp-content\/uploads\/2024\/06\/ritten_2-100x100.jpg 100w\" sizes=\"auto, (max-width: 1000px) 100vw, 1000px\" \/><\/a>\n\t\t\t<\/div><\/figure><figure class='gallery-item'>\n\t\t\t<div class='gallery-icon landscape'>\n\t\t\t\t<a href='https:\/\/whiskymaltargentina.com\/whiskyshop\/wp-content\/uploads\/2024\/06\/ritten_4.jpg'><img loading=\"lazy\" decoding=\"async\" width=\"1000\" height=\"1000\" src=\"https:\/\/whiskymaltargentina.com\/whiskyshop\/wp-content\/uploads\/2024\/06\/ritten_4.jpg\" class=\"attachment-full size-full\" alt=\"\" srcset=\"https:\/\/whiskymaltargentina.com\/whiskyshop\/wp-content\/uploads\/2024\/06\/ritten_4.jpg 1000w, https:\/\/whiskymaltargentina.com\/whiskyshop\/wp-content\/uploads\/2024\/06\/ritten_4-300x300.jpg 300w, https:\/\/whiskymaltargentina.com\/whiskyshop\/wp-content\/uploads\/2024\/06\/ritten_4-150x150.jpg 150w, https:\/\/whiskymaltargentina.com\/whiskyshop\/wp-content\/uploads\/2024\/06\/ritten_4-768x768.jpg 768w, https:\/\/whiskymaltargentina.com\/whiskyshop\/wp-content\/uploads\/2024\/06\/ritten_4-600x600.jpg 600w, https:\/\/whiskymaltargentina.com\/whiskyshop\/wp-content\/uploads\/2024\/06\/ritten_4-100x100.jpg 100w\" sizes=\"auto, (max-width: 1000px) 100vw, 1000px\" \/><\/a>\n\t\t\t<\/div><\/figure><figure class='gallery-item'>\n\t\t\t<div class='gallery-icon landscape'>\n\t\t\t\t<a href='https:\/\/whiskymaltargentina.com\/whiskyshop\/wp-content\/uploads\/2024\/06\/ritten_3.jpg'><img loading=\"lazy\" decoding=\"async\" width=\"1000\" height=\"1000\" src=\"https:\/\/whiskymaltargentina.com\/whiskyshop\/wp-content\/uploads\/2024\/06\/ritten_3.jpg\" class=\"attachment-full size-full\" alt=\"\" srcset=\"https:\/\/whiskymaltargentina.com\/whiskyshop\/wp-content\/uploads\/2024\/06\/ritten_3.jpg 1000w, https:\/\/whiskymaltargentina.com\/whiskyshop\/wp-content\/uploads\/2024\/06\/ritten_3-300x300.jpg 300w, https:\/\/whiskymaltargentina.com\/whiskyshop\/wp-content\/uploads\/2024\/06\/ritten_3-150x150.jpg 150w, https:\/\/whiskymaltargentina.com\/whiskyshop\/wp-content\/uploads\/2024\/06\/ritten_3-768x768.jpg 768w, https:\/\/whiskymaltargentina.com\/whiskyshop\/wp-content\/uploads\/2024\/06\/ritten_3-600x600.jpg 600w, https:\/\/whiskymaltargentina.com\/whiskyshop\/wp-content\/uploads\/2024\/06\/ritten_3-100x100.jpg 100w\" sizes=\"auto, (max-width: 1000px) 100vw, 1000px\" \/><\/a>\n\t\t\t<\/div><\/figure><figure class='gallery-item'>\n\t\t\t<div class='gallery-icon landscape'>\n\t\t\t\t<a href='https:\/\/whiskymaltargentina.com\/whiskyshop\/wp-content\/uploads\/2024\/06\/ritten_5.jpg'><img loading=\"lazy\" decoding=\"async\" width=\"1000\" height=\"1000\" src=\"https:\/\/whiskymaltargentina.com\/whiskyshop\/wp-content\/uploads\/2024\/06\/ritten_5.jpg\" class=\"attachment-full size-full\" alt=\"\" srcset=\"https:\/\/whiskymaltargentina.com\/whiskyshop\/wp-content\/uploads\/2024\/06\/ritten_5.jpg 1000w, https:\/\/whiskymaltargentina.com\/whiskyshop\/wp-content\/uploads\/2024\/06\/ritten_5-300x300.jpg 300w, https:\/\/whiskymaltargentina.com\/whiskyshop\/wp-content\/uploads\/2024\/06\/ritten_5-150x150.jpg 150w, https:\/\/whiskymaltargentina.com\/whiskyshop\/wp-content\/uploads\/2024\/06\/ritten_5-768x768.jpg 768w, https:\/\/whiskymaltargentina.com\/whiskyshop\/wp-content\/uploads\/2024\/06\/ritten_5-600x600.jpg 600w, https:\/\/whiskymaltargentina.com\/whiskyshop\/wp-content\/uploads\/2024\/06\/ritten_5-100x100.jpg 100w\" sizes=\"auto, (max-width: 1000px) 100vw, 1000px\" \/><\/a>\n\t\t\t<\/div><\/figure>\n\t\t<\/div>\n\n","protected":false},"excerpt":{"rendered":"<p><strong>Rittenhouse Straight Rye<\/strong> tiene un pasado hist\u00f3rico con una herencia que conmemora la famosa plaza Rittenhouse de Filadelfia. El Rittenhouse de hoy tiene el sabor picante distintivo que se asocia desde hace mucho tiempo con la marca. Elaborado a partir de un 65% de centeno, 23% de maiz y 12% de cebada malteada, Rittenhouse es el Rye whisky elegido tanto por los amantes de la cocteler\u00eda como por los amantes al whisky.<\/p>\n<h6><em>Beber con moderaci\u00f3n. Prohibida su venta a menores de 18 a\u00f1os.<\/em><\/h6>\n","protected":false},"featured_media":2976,"comment_status":"closed","ping_status":"closed","template":"","meta":{"nf_dc_page":"","_uag_custom_page_level_css":"","site-sidebar-layout":"default","site-content-layout":"default","ast-site-content-layout":"default","site-content-style":"default","site-sidebar-style":"default","ast-global-header-display":"","ast-banner-title-visibility":"","ast-main-header-display":"","ast-hfb-above-header-display":"","ast-hfb-below-header-display":"","ast-hfb-mobile-header-display":"","site-post-title":"","ast-breadcrumbs-content":"","ast-featured-img":"","footer-sml-layout":"","ast-disable-related-posts":"","theme-transparent-header-meta":"default","adv-header-id-meta":"","stick-header-meta":"default","header-above-stick-meta":"","header-main-stick-meta":"","header-below-stick-meta":"","astra-migrate-meta-layouts":"set","ast-page-background-enabled":"default","ast-page-background-meta":{"desktop":{"background-color":"","background-image":"","background-repeat":"repeat","background-position":"center center","background-size":"auto","background-attachment":"scroll","background-type":"","background-media":"","overlay-type":"","overlay-color":"","overlay-opacity":"","overlay-gradient":""},"tablet":{"background-color":"","background-image":"","background-repeat":"repeat","background-position":"center center","background-size":"auto","background-attachment":"scroll","background-type":"","background-media":"","overlay-type":"","overlay-color":"","overlay-opacity":"","overlay-gradient":""},"mobile":{"background-color":"","background-image":"","background-repeat":"repeat","background-position":"center center","background-size":"auto","background-attachment":"scroll","background-type":"","background-media":"","overlay-type":"","overlay-color":"","overlay-opacity":"","overlay-gradient":""}},"ast-content-background-meta":{"desktop":{"background-color":"var(--ast-global-color-5)","background-image":"","background-repeat":"repeat","background-position":"center center","background-size":"auto","background-attachment":"scroll","background-type":"","background-media":"","overlay-type":"","overlay-color":"","overlay-opacity":"","overlay-gradient":""},"tablet":{"background-color":"var(--ast-global-color-5)","background-image":"","background-repeat":"repeat","background-position":"center center","background-size":"auto","background-attachment":"scroll","background-type":"","background-media":"","overlay-type":"","overlay-color":"","overlay-opacity":"","overlay-gradient":""},"mobile":{"background-color":"var(--ast-global-color-5)","background-image":"","background-repeat":"repeat","background-position":"center center","background-size":"auto","background-attachment":"scroll","background-type":"","background-media":"","overlay-type":"","overlay-color":"","overlay-opacity":"","overlay-gradient":""}},"_joinchat":[]},"product_brand":[],"product_cat":[32,65],"product_tag":[100,61,101],"class_list":{"0":"post-2975","1":"product","2":"type-product","3":"status-publish","4":"has-post-thumbnail","6":"product_cat-otroswhiskies","7":"product_cat-rittenhouse","8":"product_tag-eeuu","9":"product_tag-mundo","10":"product_tag-rye","11":"desktop-align-left","12":"tablet-align-left","13":"mobile-align-left","14":"ast-product-gallery-layout-horizontal-slider","15":"ast-product-gallery-with-no-image","16":"ast-product-tabs-layout-horizontal","17":"ast-qv-on-image","19":"first","20":"instock","21":"shipping-taxable","22":"product-type-simple"},"uagb_featured_image_src":{"full":["https:\/\/whiskymaltargentina.com\/whiskyshop\/wp-content\/uploads\/2024\/06\/ritten.jpg",1200,1200,false],"thumbnail":["https:\/\/whiskymaltargentina.com\/whiskyshop\/wp-content\/uploads\/2024\/06\/ritten-150x150.jpg",150,150,true],"medium":["https:\/\/whiskymaltargentina.com\/whiskyshop\/wp-content\/uploads\/2024\/06\/ritten-300x300.jpg",300,300,true],"medium_large":["https:\/\/whiskymaltargentina.com\/whiskyshop\/wp-content\/uploads\/2024\/06\/ritten-768x768.jpg",768,768,true],"large":["https:\/\/whiskymaltargentina.com\/whiskyshop\/wp-content\/uploads\/2024\/06\/ritten-1024x1024.jpg",1024,1024,true],"1536x1536":["https:\/\/whiskymaltargentina.com\/whiskyshop\/wp-content\/uploads\/2024\/06\/ritten.jpg",1200,1200,false],"2048x2048":["https:\/\/whiskymaltargentina.com\/whiskyshop\/wp-content\/uploads\/2024\/06\/ritten.jpg",1200,1200,false],"woocommerce_thumbnail":["https:\/\/whiskymaltargentina.com\/whiskyshop\/wp-content\/uploads\/2024\/06\/ritten-300x300.jpg",300,300,true],"woocommerce_single":["https:\/\/whiskymaltargentina.com\/whiskyshop\/wp-content\/uploads\/2024\/06\/ritten-600x600.jpg",600,600,true],"woocommerce_gallery_thumbnail":["https:\/\/whiskymaltargentina.com\/whiskyshop\/wp-content\/uploads\/2024\/06\/ritten-100x100.jpg",100,100,true]},"uagb_author_info":{"display_name":"@Monroe3980","author_link":"https:\/\/whiskymaltargentina.com\/whiskyshop\/author\/"},"uagb_comment_info":0,"uagb_excerpt":"Rittenhouse Straight Rye tiene un pasado hist\u00f3rico con una herencia que conmemora la famosa plaza Rittenhouse de Filadelfia. El Rittenhouse de hoy tiene el sabor picante distintivo que se asocia desde hace mucho tiempo con la marca. Elaborado a partir de un 65% de centeno, 23% de maiz y 12% de cebada malteada, Rittenhouse es&hellip;","_links":{"self":[{"href":"https:\/\/whiskymaltargentina.com\/whiskyshop\/wp-json\/wp\/v2\/product\/2975","targetHints":{"allow":["GET"]}}],"collection":[{"href":"https:\/\/whiskymaltargentina.com\/whiskyshop\/wp-json\/wp\/v2\/product"}],"about":[{"href":"https:\/\/whiskymaltargentina.com\/whiskyshop\/wp-json\/wp\/v2\/types\/product"}],"replies":[{"embeddable":true,"href":"https:\/\/whiskymaltargentina.com\/whiskyshop\/wp-json\/wp\/v2\/comments?post=2975"}],"wp:featuredmedia":[{"embeddable":true,"href":"https:\/\/whiskymaltargentina.com\/whiskyshop\/wp-json\/wp\/v2\/media\/2976"}],"wp:attachment":[{"href":"https:\/\/whiskymaltargentina.com\/whiskyshop\/wp-json\/wp\/v2\/media?parent=2975"}],"wp:term":[{"taxonomy":"product_brand","embeddable":true,"href":"https:\/\/whiskymaltargentina.com\/whiskyshop\/wp-json\/wp\/v2\/product_brand?post=2975"},{"taxonomy":"product_cat","embeddable":true,"href":"https:\/\/whiskymaltargentina.com\/whiskyshop\/wp-json\/wp\/v2\/product_cat?post=2975"},{"taxonomy":"product_tag","embeddable":true,"href":"https:\/\/whiskymaltargentina.com\/whiskyshop\/wp-json\/wp\/v2\/product_tag?post=2975"}],"curies":[{"name":"wp","href":"https:\/\/api.w.org\/{rel}","templated":true}]}}