{"id":2952,"date":"2024-06-29T16:59:25","date_gmt":"2024-06-29T16:59:25","guid":{"rendered":"https:\/\/whiskymaltargentina.com\/whiskyshop\/?post_type=product&#038;p=2952"},"modified":"2025-08-01T20:43:02","modified_gmt":"2025-08-01T20:43:02","slug":"macallan-harmony-rich-cacao","status":"publish","type":"product","link":"https:\/\/whiskymaltargentina.com\/whiskyshop\/producto\/macallan-harmony-rich-cacao\/","title":{"rendered":"The Macallan Harmony Rich Cacao"},"content":{"rendered":"<p>&nbsp;<\/p>\n<blockquote><p><strong>Elaborado a partir de una armoniosa combinaci\u00f3n de barricas de roble europeo y americano, el resultado es un single malt excepcionalmente rico y complejo caracterizado por un profundo aroma de chocolate negro, que marida a la perfecci\u00f3n con la experiencia sensorial de lujo en torno al sabor del cacao. Esta nueva edici\u00f3n especial de The Macallan surgi\u00f3 de una colaboraci\u00f3n entre Polly Logan, Whisky Maker de la marca y el reconocido pastelero Jordi Roca del restaurante El Celler de Can Roca (tres estrellas Michelin).<\/strong><\/p>\n<p><strong>La creadora se embarc\u00f3 en un viaje \u00fanico a Girona, Espa\u00f1a, donde se sumergi\u00f3 en el mundo del chocolate, explorando el proceso de elaboraci\u00f3n del mismo y descubriendo todos sus perfiles de sabor en Casa Cacao, la boutique y hotel de chocolates de Roca. A trav\u00e9s de esta experiencia \u00fanica, Polly se inspir\u00f3 en la pasi\u00f3n, el conocimiento y la creatividad para crear The Macallan Harmony Collection Rich Cacao. Ella explor\u00f3 las barricas maduras de The Macallan para buscar whisky con raras e indulgentes notas de chocolate que armonizaran con chocolates finos para una experiencia de sabor rica y \u00fanica.<\/strong><\/p>\n<p><strong>Este lanzamiento ha dado lugar a un nuevo universo de uni\u00f3n entre los mundos del chocolate y el whisky con esta primera edici\u00f3n limitada de una nueva serie de lanzamientos anuales. Adem\u00e1s, The Macallan Harmony Collection Rich Cacao, como homenaje a la influencia del chocolate, se presenta en una caja de regalo 100% reciclable elaborada con c\u00e1scaras desechadas de las mazorcas de cacao, un subproducto del proceso de elaboraci\u00f3n del chocolate qiue de no haberse empleado aqu\u00ed se habr\u00edan enviado al vertedero o se habr\u00edan destruido.<\/strong><\/p><\/blockquote>\n<hr \/>\n<p>La historia de <strong>The Macallan<\/strong> empieza en 1824 cuando Alexander Reed, un destilador ilegal es sorprendido por el \u00abtax-collector\u00bb de la zona y se v\u00e9 obligado a elegir entre ir a la c\u00e1rcel \u00f3 entrar en legalidad, pagando la licencia para destilar. Obviamente, elige la segunda opci\u00f3n, ya que ten\u00eda todo lo que necesitaba para seguir produciendo. Los terrenos de la propiedad de The Macallan Estate, las herramientas y los conocimientos para destilar y por supuesto clientes que demandaban su whisky.<\/p>\n<p>Otra fecha muy importante en la historia de la destiler\u00eda es 1892. Este a\u00f1o, Roderick Camp compra todo el negocio junto a Easter Elchies House, una mansi\u00f3n edificada al principio de los 1700. Todo rodeado de m\u00e1s de 160 hectareas de campos de cebada y bosques seculares.<\/p>\n<p>Y mencionamos a Roderick Camp como padre del actual Macallan, el moderno <strong>The Macallan<\/strong>. El ha revolucionado y mejorado los procesos en la destiler\u00eda <strong>The Macallan<\/strong>. Es el que introdujo la maduraci\u00f3n en botas de Jerez y tambi\u00e9n una nueva forma de destilaci\u00f3n lenta.<\/p>\n<p>Despu\u00e9s de casi siete d\u00e9cadas, en 1960 <strong>The Macallan<\/strong> pasa a ser propiedad del grupo Highland Distillers. Y diez a\u00f1os m\u00e1s tarde el grupo adquiere tambi\u00e9n la marca Famous Grouse y la destiler\u00eda de Highland Park.<\/p>\n<p>En 1998 <strong>The Macallan<\/strong> es comprado por el actual propietario \u2013 The Edrigton Group. El 2 de junio de 2018, despu\u00e9s de una inversi\u00f3n de 140 millones de euros, se inaugura la nueva destiler\u00eda <strong>The Macallan<\/strong>. Una magnifica, exuberante y estratosf\u00e9rica combinaci\u00f3n entre un centro de producci\u00f3n, centro de visitantes, centro educacional y casi un centro comercial. La estructura ondulada del techo de madera es una de las estructuras m\u00e1s complicadas del mundo, compuesta por 380.000 elementos individuales. Cada ensamblaje y viga tiene un nombre espec\u00edfico y se ha puesto a prueba en m\u00e1s de 160 condiciones de cargas diferentes mientras que el \u201cC\u00f3digo de Dise\u00f1o de los Alpes Suizos\u201d se ha utilizado para entender los efectos que podr\u00edan causar el viento, la nieve o el hielo sobre esta complicada estructura. La reluciente instalaci\u00f3n funciona casi en su totalidad (95%) con recursos renovables.<\/p>\n<p>En el interior de la destiler\u00eda, la producci\u00f3n est\u00e1 dividida en zonas circulares llamadas c\u00edrculos de producci\u00f3n. Los ingredientes, la materia prima \u2013 es local. El agua proviene de unos pozos de gran profundidad en los terrenos de la destiler\u00eda. La cebada se compra a la malteadora The Simpsons, malta 100% libre de turba. El empastado y la fermentaci\u00f3n tienen lugar en 21 mash tones y otros tantos wask backs con una capacidad individual de 68.000 litros cada uno. El caracter delicado y afrutado del espiritu reci\u00e9n destilado se debe en gran parte a la lenta fermentaci\u00f3n a bajas temperaturas.<\/p>\n<p>Sin ser un triple distilled whisky, <strong>The Macallan<\/strong> utiliza un proceso de triple alianza de alambiques en el proceso de destilaci\u00f3n. Cada wash still de 13.000 litros es emparejado con dos spirit stills de menor capacidad (3.900 l). Para conseguir destilar grandes cantidades de whisky, pero en un proceso lento, lo que hacen es dividir en dos el liquido obtenido en la primera destilaci\u00f3n. Esto resulta al final en un esp\u00edritu m\u00e1s dulce y refinado, con notas de manzana y cereal. Todo ese proceso tiene lugar en su 12 wash stills y 24 spirit stills. La capacidad m\u00e1xima anual de la destiler\u00eda est\u00e1 entorno a 15 millones de litros.<\/p>\n<p>Junto a la nueva destiler\u00eda, han construido casi 60 nuevos almacenes donde guardan m\u00e1s de 300.000 barricas.<\/p>\n<p>En <strong>The Macallan<\/strong>, a la madera se le da el protagonismo m\u00e1ximo y absoluto. La selecci\u00f3n de barricas para a\u00f1ejar sus whiskies es muy exhaustiva, y por esto tienen una persona en el puesto de Master of Wood, que se dedica \u00fanica y exclusivamente a seleccionar la madera.<\/p>\n<hr \/>\n<div id='gallery-1' class='gallery galleryid-2952 gallery-columns-1 gallery-size-full'><figure class='gallery-item'>\n\t\t\t<div class='gallery-icon landscape'>\n\t\t\t\t<a href='https:\/\/whiskymaltargentina.com\/whiskyshop\/wp-content\/uploads\/2024\/06\/macallancacao_1.jpg'><img loading=\"lazy\" decoding=\"async\" width=\"1000\" height=\"1000\" src=\"https:\/\/whiskymaltargentina.com\/whiskyshop\/wp-content\/uploads\/2024\/06\/macallancacao_1.jpg\" class=\"attachment-full size-full\" alt=\"\" srcset=\"https:\/\/whiskymaltargentina.com\/whiskyshop\/wp-content\/uploads\/2024\/06\/macallancacao_1.jpg 1000w, https:\/\/whiskymaltargentina.com\/whiskyshop\/wp-content\/uploads\/2024\/06\/macallancacao_1-300x300.jpg 300w, https:\/\/whiskymaltargentina.com\/whiskyshop\/wp-content\/uploads\/2024\/06\/macallancacao_1-150x150.jpg 150w, https:\/\/whiskymaltargentina.com\/whiskyshop\/wp-content\/uploads\/2024\/06\/macallancacao_1-768x768.jpg 768w, https:\/\/whiskymaltargentina.com\/whiskyshop\/wp-content\/uploads\/2024\/06\/macallancacao_1-600x600.jpg 600w, https:\/\/whiskymaltargentina.com\/whiskyshop\/wp-content\/uploads\/2024\/06\/macallancacao_1-100x100.jpg 100w\" sizes=\"auto, (max-width: 1000px) 100vw, 1000px\" \/><\/a>\n\t\t\t<\/div><\/figure><figure class='gallery-item'>\n\t\t\t<div class='gallery-icon landscape'>\n\t\t\t\t<a href='https:\/\/whiskymaltargentina.com\/whiskyshop\/wp-content\/uploads\/2024\/06\/macallancacao_3.jpg'><img loading=\"lazy\" decoding=\"async\" width=\"1000\" height=\"1000\" src=\"https:\/\/whiskymaltargentina.com\/whiskyshop\/wp-content\/uploads\/2024\/06\/macallancacao_3.jpg\" class=\"attachment-full size-full\" alt=\"\" srcset=\"https:\/\/whiskymaltargentina.com\/whiskyshop\/wp-content\/uploads\/2024\/06\/macallancacao_3.jpg 1000w, https:\/\/whiskymaltargentina.com\/whiskyshop\/wp-content\/uploads\/2024\/06\/macallancacao_3-300x300.jpg 300w, https:\/\/whiskymaltargentina.com\/whiskyshop\/wp-content\/uploads\/2024\/06\/macallancacao_3-150x150.jpg 150w, https:\/\/whiskymaltargentina.com\/whiskyshop\/wp-content\/uploads\/2024\/06\/macallancacao_3-768x768.jpg 768w, https:\/\/whiskymaltargentina.com\/whiskyshop\/wp-content\/uploads\/2024\/06\/macallancacao_3-600x600.jpg 600w, https:\/\/whiskymaltargentina.com\/whiskyshop\/wp-content\/uploads\/2024\/06\/macallancacao_3-100x100.jpg 100w\" sizes=\"auto, (max-width: 1000px) 100vw, 1000px\" \/><\/a>\n\t\t\t<\/div><\/figure><figure class='gallery-item'>\n\t\t\t<div class='gallery-icon landscape'>\n\t\t\t\t<a href='https:\/\/whiskymaltargentina.com\/whiskyshop\/wp-content\/uploads\/2024\/06\/macallancacao_2.jpg'><img loading=\"lazy\" decoding=\"async\" width=\"1000\" height=\"1000\" src=\"https:\/\/whiskymaltargentina.com\/whiskyshop\/wp-content\/uploads\/2024\/06\/macallancacao_2.jpg\" class=\"attachment-full size-full\" alt=\"\" srcset=\"https:\/\/whiskymaltargentina.com\/whiskyshop\/wp-content\/uploads\/2024\/06\/macallancacao_2.jpg 1000w, https:\/\/whiskymaltargentina.com\/whiskyshop\/wp-content\/uploads\/2024\/06\/macallancacao_2-300x300.jpg 300w, https:\/\/whiskymaltargentina.com\/whiskyshop\/wp-content\/uploads\/2024\/06\/macallancacao_2-150x150.jpg 150w, https:\/\/whiskymaltargentina.com\/whiskyshop\/wp-content\/uploads\/2024\/06\/macallancacao_2-768x768.jpg 768w, https:\/\/whiskymaltargentina.com\/whiskyshop\/wp-content\/uploads\/2024\/06\/macallancacao_2-600x600.jpg 600w, https:\/\/whiskymaltargentina.com\/whiskyshop\/wp-content\/uploads\/2024\/06\/macallancacao_2-100x100.jpg 100w\" sizes=\"auto, (max-width: 1000px) 100vw, 1000px\" \/><\/a>\n\t\t\t<\/div><\/figure><figure class='gallery-item'>\n\t\t\t<div class='gallery-icon landscape'>\n\t\t\t\t<a href='https:\/\/whiskymaltargentina.com\/whiskyshop\/wp-content\/uploads\/2024\/06\/macallancacao_4.jpg'><img loading=\"lazy\" decoding=\"async\" width=\"1000\" height=\"1000\" src=\"https:\/\/whiskymaltargentina.com\/whiskyshop\/wp-content\/uploads\/2024\/06\/macallancacao_4.jpg\" class=\"attachment-full size-full\" alt=\"\" srcset=\"https:\/\/whiskymaltargentina.com\/whiskyshop\/wp-content\/uploads\/2024\/06\/macallancacao_4.jpg 1000w, https:\/\/whiskymaltargentina.com\/whiskyshop\/wp-content\/uploads\/2024\/06\/macallancacao_4-300x300.jpg 300w, https:\/\/whiskymaltargentina.com\/whiskyshop\/wp-content\/uploads\/2024\/06\/macallancacao_4-150x150.jpg 150w, https:\/\/whiskymaltargentina.com\/whiskyshop\/wp-content\/uploads\/2024\/06\/macallancacao_4-768x768.jpg 768w, https:\/\/whiskymaltargentina.com\/whiskyshop\/wp-content\/uploads\/2024\/06\/macallancacao_4-600x600.jpg 600w, https:\/\/whiskymaltargentina.com\/whiskyshop\/wp-content\/uploads\/2024\/06\/macallancacao_4-100x100.jpg 100w\" sizes=\"auto, (max-width: 1000px) 100vw, 1000px\" \/><\/a>\n\t\t\t<\/div><\/figure>\n\t\t<\/div>\n\n","protected":false},"excerpt":{"rendered":"<p>Elaborado a partir de una armoniosa combinaci\u00f3n de barricas de roble europeo y americano, el resultado es un single malt excepcionalmente rico y complejo caracterizado por un profundo aroma de chocolate negro, que marida a la perfecci\u00f3n con la experiencia sensorial de lujo en torno al sabor del cacao. Esta nueva edici\u00f3n especial de <strong>The Macallan<\/strong> surgi\u00f3 de una colaboraci\u00f3n entre <strong>Polly Logan<\/strong>, Whisky Maker de la marca y el reconocido pastelero <strong>Jordi Roca<\/strong> del restaurante El Celler de Can Roca (tres estrellas Michelin).<\/p>\n<p>&nbsp;<\/p>\n<h6><em>Beber con moderaci\u00f3n. Prohibida su venta a menores de 18 a\u00f1os.<\/em><\/h6>\n","protected":false},"featured_media":2953,"comment_status":"closed","ping_status":"closed","template":"","meta":{"nf_dc_page":"","_uag_custom_page_level_css":"","site-sidebar-layout":"default","site-content-layout":"default","ast-site-content-layout":"default","site-content-style":"default","site-sidebar-style":"default","ast-global-header-display":"","ast-banner-title-visibility":"","ast-main-header-display":"","ast-hfb-above-header-display":"","ast-hfb-below-header-display":"","ast-hfb-mobile-header-display":"","site-post-title":"","ast-breadcrumbs-content":"","ast-featured-img":"","footer-sml-layout":"","ast-disable-related-posts":"","theme-transparent-header-meta":"default","adv-header-id-meta":"","stick-header-meta":"default","header-above-stick-meta":"","header-main-stick-meta":"","header-below-stick-meta":"","astra-migrate-meta-layouts":"set","ast-page-background-enabled":"default","ast-page-background-meta":{"desktop":{"background-color":"","background-image":"","background-repeat":"repeat","background-position":"center center","background-size":"auto","background-attachment":"scroll","background-type":"","background-media":"","overlay-type":"","overlay-color":"","overlay-opacity":"","overlay-gradient":""},"tablet":{"background-color":"","background-image":"","background-repeat":"repeat","background-position":"center center","background-size":"auto","background-attachment":"scroll","background-type":"","background-media":"","overlay-type":"","overlay-color":"","overlay-opacity":"","overlay-gradient":""},"mobile":{"background-color":"","background-image":"","background-repeat":"repeat","background-position":"center center","background-size":"auto","background-attachment":"scroll","background-type":"","background-media":"","overlay-type":"","overlay-color":"","overlay-opacity":"","overlay-gradient":""}},"ast-content-background-meta":{"desktop":{"background-color":"var(--ast-global-color-5)","background-image":"","background-repeat":"repeat","background-position":"center center","background-size":"auto","background-attachment":"scroll","background-type":"","background-media":"","overlay-type":"","overlay-color":"","overlay-opacity":"","overlay-gradient":""},"tablet":{"background-color":"var(--ast-global-color-5)","background-image":"","background-repeat":"repeat","background-position":"center center","background-size":"auto","background-attachment":"scroll","background-type":"","background-media":"","overlay-type":"","overlay-color":"","overlay-opacity":"","overlay-gradient":""},"mobile":{"background-color":"var(--ast-global-color-5)","background-image":"","background-repeat":"repeat","background-position":"center center","background-size":"auto","background-attachment":"scroll","background-type":"","background-media":"","overlay-type":"","overlay-color":"","overlay-opacity":"","overlay-gradient":""}},"_joinchat":[]},"product_brand":[],"product_cat":[32,62],"product_tag":[82,55,86],"class_list":{"0":"post-2952","1":"product","2":"type-product","3":"status-publish","4":"has-post-thumbnail","6":"product_cat-otroswhiskies","7":"product_cat-macallan","8":"product_tag-escoces","9":"product_tag-single-malt","10":"product_tag-speyside","11":"desktop-align-left","12":"tablet-align-left","13":"mobile-align-left","14":"ast-product-gallery-layout-horizontal-slider","15":"ast-product-gallery-with-no-image","16":"ast-product-tabs-layout-horizontal","17":"ast-qv-on-image","19":"first","20":"instock","21":"shipping-taxable","22":"product-type-simple"},"uagb_featured_image_src":{"full":["https:\/\/whiskymaltargentina.com\/whiskyshop\/wp-content\/uploads\/2024\/06\/macallancacao.jpg",1200,1200,false],"thumbnail":["https:\/\/whiskymaltargentina.com\/whiskyshop\/wp-content\/uploads\/2024\/06\/macallancacao-150x150.jpg",150,150,true],"medium":["https:\/\/whiskymaltargentina.com\/whiskyshop\/wp-content\/uploads\/2024\/06\/macallancacao-300x300.jpg",300,300,true],"medium_large":["https:\/\/whiskymaltargentina.com\/whiskyshop\/wp-content\/uploads\/2024\/06\/macallancacao-768x768.jpg",768,768,true],"large":["https:\/\/whiskymaltargentina.com\/whiskyshop\/wp-content\/uploads\/2024\/06\/macallancacao-1024x1024.jpg",1024,1024,true],"1536x1536":["https:\/\/whiskymaltargentina.com\/whiskyshop\/wp-content\/uploads\/2024\/06\/macallancacao.jpg",1200,1200,false],"2048x2048":["https:\/\/whiskymaltargentina.com\/whiskyshop\/wp-content\/uploads\/2024\/06\/macallancacao.jpg",1200,1200,false],"woocommerce_thumbnail":["https:\/\/whiskymaltargentina.com\/whiskyshop\/wp-content\/uploads\/2024\/06\/macallancacao-300x300.jpg",300,300,true],"woocommerce_single":["https:\/\/whiskymaltargentina.com\/whiskyshop\/wp-content\/uploads\/2024\/06\/macallancacao-600x600.jpg",600,600,true],"woocommerce_gallery_thumbnail":["https:\/\/whiskymaltargentina.com\/whiskyshop\/wp-content\/uploads\/2024\/06\/macallancacao-100x100.jpg",100,100,true]},"uagb_author_info":{"display_name":"@Monroe3980","author_link":"https:\/\/whiskymaltargentina.com\/whiskyshop\/author\/"},"uagb_comment_info":0,"uagb_excerpt":"Elaborado a partir de una armoniosa combinaci\u00f3n de barricas de roble europeo y americano, el resultado es un single malt excepcionalmente rico y complejo caracterizado por un profundo aroma de chocolate negro, que marida a la perfecci\u00f3n con la experiencia sensorial de lujo en torno al sabor del cacao. Esta nueva edici\u00f3n especial de The&hellip;","_links":{"self":[{"href":"https:\/\/whiskymaltargentina.com\/whiskyshop\/wp-json\/wp\/v2\/product\/2952","targetHints":{"allow":["GET"]}}],"collection":[{"href":"https:\/\/whiskymaltargentina.com\/whiskyshop\/wp-json\/wp\/v2\/product"}],"about":[{"href":"https:\/\/whiskymaltargentina.com\/whiskyshop\/wp-json\/wp\/v2\/types\/product"}],"replies":[{"embeddable":true,"href":"https:\/\/whiskymaltargentina.com\/whiskyshop\/wp-json\/wp\/v2\/comments?post=2952"}],"wp:featuredmedia":[{"embeddable":true,"href":"https:\/\/whiskymaltargentina.com\/whiskyshop\/wp-json\/wp\/v2\/media\/2953"}],"wp:attachment":[{"href":"https:\/\/whiskymaltargentina.com\/whiskyshop\/wp-json\/wp\/v2\/media?parent=2952"}],"wp:term":[{"taxonomy":"product_brand","embeddable":true,"href":"https:\/\/whiskymaltargentina.com\/whiskyshop\/wp-json\/wp\/v2\/product_brand?post=2952"},{"taxonomy":"product_cat","embeddable":true,"href":"https:\/\/whiskymaltargentina.com\/whiskyshop\/wp-json\/wp\/v2\/product_cat?post=2952"},{"taxonomy":"product_tag","embeddable":true,"href":"https:\/\/whiskymaltargentina.com\/whiskyshop\/wp-json\/wp\/v2\/product_tag?post=2952"}],"curies":[{"name":"wp","href":"https:\/\/api.w.org\/{rel}","templated":true}]}}