{"id":2893,"date":"2024-06-28T17:23:55","date_gmt":"2024-06-28T17:23:55","guid":{"rendered":"https:\/\/whiskymaltargentina.com\/whiskyshop\/?post_type=product&#038;p=2893"},"modified":"2025-12-04T11:07:52","modified_gmt":"2025-12-04T14:07:52","slug":"old-pulteney-12-anos","status":"publish","type":"product","link":"https:\/\/whiskymaltargentina.com\/whiskyshop\/producto\/old-pulteney-12-anos\/","title":{"rendered":"Old Pulteney 12 a\u00f1os"},"content":{"rendered":"<p>&nbsp;<\/p>\n<blockquote><p><strong>La expresi\u00f3n de 12 a\u00f1os de Old Pulteney lanzada a mediados de 2018 fue completamente envejecida en barriles ex-bourbon, lo que result\u00f3 en una fuerte influencia de la dulzura del bourbon, que ayuda a equilibrar la salinidad costera caracter\u00edstica de los whiskies de esta destileria.<\/strong><\/p><\/blockquote>\n<hr \/>\n<p>La destiler\u00eda <strong>Pulteney<\/strong> situada cerca de la ciudad de Wick, es la destiler\u00eda ubicada m\u00e1s al norte de Escocia. Una vez fue un importante puerto pesquero, especialmente para la pesca del arenque. La destiler\u00eda fue fundada en 1826 y lleva el nombre del entonces gobernador de la asociaci\u00f3n de pescadores Sir William Pulteney. A la destiler\u00eda s\u00f3lo se pod\u00eda acceder por barco. Tras el cierre por la gran depresi\u00f3n y varias adquisiciones, la destiler\u00eda fue comprada en 1996 por Inver House Distillery y los dos peque\u00f1os alambiques existentes fueron sustituidos por uno grande. La destiler\u00eda es relativamente peque\u00f1a, con capacidad de apenas un mill\u00f3n de litros al a\u00f1o.<\/p>\n<hr \/>\n<div id='gallery-1' class='gallery galleryid-2893 gallery-columns-1 gallery-size-full'><figure class='gallery-item'>\n\t\t\t<div class='gallery-icon landscape'>\n\t\t\t\t<a href='https:\/\/whiskymaltargentina.com\/whiskyshop\/wp-content\/uploads\/2024\/06\/huddart5.png'><img loading=\"lazy\" decoding=\"async\" width=\"1000\" height=\"1000\" src=\"https:\/\/whiskymaltargentina.com\/whiskyshop\/wp-content\/uploads\/2024\/06\/huddart5.png\" class=\"attachment-full size-full\" alt=\"\" srcset=\"https:\/\/whiskymaltargentina.com\/whiskyshop\/wp-content\/uploads\/2024\/06\/huddart5.png 1000w, https:\/\/whiskymaltargentina.com\/whiskyshop\/wp-content\/uploads\/2024\/06\/huddart5-300x300.png 300w, https:\/\/whiskymaltargentina.com\/whiskyshop\/wp-content\/uploads\/2024\/06\/huddart5-150x150.png 150w, https:\/\/whiskymaltargentina.com\/whiskyshop\/wp-content\/uploads\/2024\/06\/huddart5-768x768.png 768w, https:\/\/whiskymaltargentina.com\/whiskyshop\/wp-content\/uploads\/2024\/06\/huddart5-600x600.png 600w, https:\/\/whiskymaltargentina.com\/whiskyshop\/wp-content\/uploads\/2024\/06\/huddart5-100x100.png 100w\" sizes=\"auto, (max-width: 1000px) 100vw, 1000px\" \/><\/a>\n\t\t\t<\/div><\/figure><figure class='gallery-item'>\n\t\t\t<div class='gallery-icon landscape'>\n\t\t\t\t<a href='https:\/\/whiskymaltargentina.com\/whiskyshop\/wp-content\/uploads\/2024\/06\/oldpulteney15_4.png'><img loading=\"lazy\" decoding=\"async\" width=\"1000\" height=\"1000\" src=\"https:\/\/whiskymaltargentina.com\/whiskyshop\/wp-content\/uploads\/2024\/06\/oldpulteney15_4.png\" class=\"attachment-full size-full\" alt=\"\" srcset=\"https:\/\/whiskymaltargentina.com\/whiskyshop\/wp-content\/uploads\/2024\/06\/oldpulteney15_4.png 1000w, https:\/\/whiskymaltargentina.com\/whiskyshop\/wp-content\/uploads\/2024\/06\/oldpulteney15_4-300x300.png 300w, https:\/\/whiskymaltargentina.com\/whiskyshop\/wp-content\/uploads\/2024\/06\/oldpulteney15_4-150x150.png 150w, https:\/\/whiskymaltargentina.com\/whiskyshop\/wp-content\/uploads\/2024\/06\/oldpulteney15_4-768x768.png 768w, https:\/\/whiskymaltargentina.com\/whiskyshop\/wp-content\/uploads\/2024\/06\/oldpulteney15_4-600x600.png 600w, https:\/\/whiskymaltargentina.com\/whiskyshop\/wp-content\/uploads\/2024\/06\/oldpulteney15_4-100x100.png 100w\" sizes=\"auto, (max-width: 1000px) 100vw, 1000px\" \/><\/a>\n\t\t\t<\/div><\/figure><figure class='gallery-item'>\n\t\t\t<div class='gallery-icon landscape'>\n\t\t\t\t<a href='https:\/\/whiskymaltargentina.com\/whiskyshop\/wp-content\/uploads\/2024\/06\/huddart4.png'><img loading=\"lazy\" decoding=\"async\" width=\"1000\" height=\"1000\" src=\"https:\/\/whiskymaltargentina.com\/whiskyshop\/wp-content\/uploads\/2024\/06\/huddart4.png\" class=\"attachment-full size-full\" alt=\"\" srcset=\"https:\/\/whiskymaltargentina.com\/whiskyshop\/wp-content\/uploads\/2024\/06\/huddart4.png 1000w, https:\/\/whiskymaltargentina.com\/whiskyshop\/wp-content\/uploads\/2024\/06\/huddart4-300x300.png 300w, https:\/\/whiskymaltargentina.com\/whiskyshop\/wp-content\/uploads\/2024\/06\/huddart4-150x150.png 150w, https:\/\/whiskymaltargentina.com\/whiskyshop\/wp-content\/uploads\/2024\/06\/huddart4-768x768.png 768w, https:\/\/whiskymaltargentina.com\/whiskyshop\/wp-content\/uploads\/2024\/06\/huddart4-600x600.png 600w, https:\/\/whiskymaltargentina.com\/whiskyshop\/wp-content\/uploads\/2024\/06\/huddart4-100x100.png 100w\" sizes=\"auto, (max-width: 1000px) 100vw, 1000px\" \/><\/a>\n\t\t\t<\/div><\/figure><figure class='gallery-item'>\n\t\t\t<div class='gallery-icon landscape'>\n\t\t\t\t<a href='https:\/\/whiskymaltargentina.com\/whiskyshop\/wp-content\/uploads\/2024\/06\/oldpulteney15_3.png'><img loading=\"lazy\" decoding=\"async\" width=\"1000\" height=\"1000\" src=\"https:\/\/whiskymaltargentina.com\/whiskyshop\/wp-content\/uploads\/2024\/06\/oldpulteney15_3.png\" class=\"attachment-full size-full\" alt=\"\" srcset=\"https:\/\/whiskymaltargentina.com\/whiskyshop\/wp-content\/uploads\/2024\/06\/oldpulteney15_3.png 1000w, https:\/\/whiskymaltargentina.com\/whiskyshop\/wp-content\/uploads\/2024\/06\/oldpulteney15_3-300x300.png 300w, https:\/\/whiskymaltargentina.com\/whiskyshop\/wp-content\/uploads\/2024\/06\/oldpulteney15_3-150x150.png 150w, https:\/\/whiskymaltargentina.com\/whiskyshop\/wp-content\/uploads\/2024\/06\/oldpulteney15_3-768x768.png 768w, https:\/\/whiskymaltargentina.com\/whiskyshop\/wp-content\/uploads\/2024\/06\/oldpulteney15_3-600x600.png 600w, https:\/\/whiskymaltargentina.com\/whiskyshop\/wp-content\/uploads\/2024\/06\/oldpulteney15_3-100x100.png 100w\" sizes=\"auto, (max-width: 1000px) 100vw, 1000px\" \/><\/a>\n\t\t\t<\/div><\/figure>\n\t\t<\/div>\n\n","protected":false},"excerpt":{"rendered":"<p>La expresi\u00f3n de 12 a\u00f1os de <strong>Old Pulteney<\/strong> lanzada a mediados de 2018 fue completamente envejecida en barriles ex-bourbon, lo que result\u00f3 en una fuerte influencia de la dulzura del bourbon, que ayuda a equilibrar la salinidad costera caracter\u00edstica de los whiskies de esta destileria.<\/p>\n<p>&nbsp;<\/p>\n<h6><em>Beber con moderaci\u00f3n. Prohibida su venta a menores de 18 a\u00f1os.<\/em><\/h6>\n","protected":false},"featured_media":2894,"comment_status":"closed","ping_status":"closed","template":"","meta":{"nf_dc_page":"","_uag_custom_page_level_css":"","site-sidebar-layout":"default","site-content-layout":"default","ast-site-content-layout":"default","site-content-style":"default","site-sidebar-style":"default","ast-global-header-display":"","ast-banner-title-visibility":"","ast-main-header-display":"","ast-hfb-above-header-display":"","ast-hfb-below-header-display":"","ast-hfb-mobile-header-display":"","site-post-title":"","ast-breadcrumbs-content":"","ast-featured-img":"","footer-sml-layout":"","ast-disable-related-posts":"","theme-transparent-header-meta":"default","adv-header-id-meta":"","stick-header-meta":"default","header-above-stick-meta":"","header-main-stick-meta":"","header-below-stick-meta":"","astra-migrate-meta-layouts":"set","ast-page-background-enabled":"default","ast-page-background-meta":{"desktop":{"background-color":"","background-image":"","background-repeat":"repeat","background-position":"center center","background-size":"auto","background-attachment":"scroll","background-type":"","background-media":"","overlay-type":"","overlay-color":"","overlay-opacity":"","overlay-gradient":""},"tablet":{"background-color":"","background-image":"","background-repeat":"repeat","background-position":"center center","background-size":"auto","background-attachment":"scroll","background-type":"","background-media":"","overlay-type":"","overlay-color":"","overlay-opacity":"","overlay-gradient":""},"mobile":{"background-color":"","background-image":"","background-repeat":"repeat","background-position":"center center","background-size":"auto","background-attachment":"scroll","background-type":"","background-media":"","overlay-type":"","overlay-color":"","overlay-opacity":"","overlay-gradient":""}},"ast-content-background-meta":{"desktop":{"background-color":"var(--ast-global-color-5)","background-image":"","background-repeat":"repeat","background-position":"center center","background-size":"auto","background-attachment":"scroll","background-type":"","background-media":"","overlay-type":"","overlay-color":"","overlay-opacity":"","overlay-gradient":""},"tablet":{"background-color":"var(--ast-global-color-5)","background-image":"","background-repeat":"repeat","background-position":"center center","background-size":"auto","background-attachment":"scroll","background-type":"","background-media":"","overlay-type":"","overlay-color":"","overlay-opacity":"","overlay-gradient":""},"mobile":{"background-color":"var(--ast-global-color-5)","background-image":"","background-repeat":"repeat","background-position":"center center","background-size":"auto","background-attachment":"scroll","background-type":"","background-media":"","overlay-type":"","overlay-color":"","overlay-opacity":"","overlay-gradient":""}},"_joinchat":[]},"product_brand":[],"product_cat":[42,155],"product_tag":[91,82,56,55],"class_list":{"0":"post-2893","1":"product","2":"type-product","3":"status-publish","4":"has-post-thumbnail","6":"product_cat-productosexclusivos","7":"product_cat-old-pulteney","8":"product_tag-12yo","9":"product_tag-escoces","10":"product_tag-highlands","11":"product_tag-single-malt","12":"desktop-align-left","13":"tablet-align-left","14":"mobile-align-left","15":"ast-product-gallery-layout-horizontal-slider","16":"ast-product-gallery-with-no-image","17":"ast-product-tabs-layout-horizontal","18":"ast-qv-on-image","20":"first","21":"instock","22":"shipping-taxable","23":"product-type-simple"},"uagb_featured_image_src":{"full":["https:\/\/whiskymaltargentina.com\/whiskyshop\/wp-content\/uploads\/2024\/06\/oldpulteney12.png",1200,1200,false],"thumbnail":["https:\/\/whiskymaltargentina.com\/whiskyshop\/wp-content\/uploads\/2024\/06\/oldpulteney12-150x150.png",150,150,true],"medium":["https:\/\/whiskymaltargentina.com\/whiskyshop\/wp-content\/uploads\/2024\/06\/oldpulteney12-300x300.png",300,300,true],"medium_large":["https:\/\/whiskymaltargentina.com\/whiskyshop\/wp-content\/uploads\/2024\/06\/oldpulteney12-768x768.png",768,768,true],"large":["https:\/\/whiskymaltargentina.com\/whiskyshop\/wp-content\/uploads\/2024\/06\/oldpulteney12-1024x1024.png",1024,1024,true],"1536x1536":["https:\/\/whiskymaltargentina.com\/whiskyshop\/wp-content\/uploads\/2024\/06\/oldpulteney12.png",1200,1200,false],"2048x2048":["https:\/\/whiskymaltargentina.com\/whiskyshop\/wp-content\/uploads\/2024\/06\/oldpulteney12.png",1200,1200,false],"woocommerce_thumbnail":["https:\/\/whiskymaltargentina.com\/whiskyshop\/wp-content\/uploads\/2024\/06\/oldpulteney12-300x300.png",300,300,true],"woocommerce_single":["https:\/\/whiskymaltargentina.com\/whiskyshop\/wp-content\/uploads\/2024\/06\/oldpulteney12-600x600.png",600,600,true],"woocommerce_gallery_thumbnail":["https:\/\/whiskymaltargentina.com\/whiskyshop\/wp-content\/uploads\/2024\/06\/oldpulteney12-100x100.png",100,100,true]},"uagb_author_info":{"display_name":"@Monroe3980","author_link":"https:\/\/whiskymaltargentina.com\/whiskyshop\/author\/"},"uagb_comment_info":0,"uagb_excerpt":"La expresi\u00f3n de 12 a\u00f1os de Old Pulteney lanzada a mediados de 2018 fue completamente envejecida en barriles ex-bourbon, lo que result\u00f3 en una fuerte influencia de la dulzura del bourbon, que ayuda a equilibrar la salinidad costera caracter\u00edstica de los whiskies de esta destileria. &nbsp; Beber con moderaci\u00f3n. Prohibida su venta a menores de&hellip;","_links":{"self":[{"href":"https:\/\/whiskymaltargentina.com\/whiskyshop\/wp-json\/wp\/v2\/product\/2893","targetHints":{"allow":["GET"]}}],"collection":[{"href":"https:\/\/whiskymaltargentina.com\/whiskyshop\/wp-json\/wp\/v2\/product"}],"about":[{"href":"https:\/\/whiskymaltargentina.com\/whiskyshop\/wp-json\/wp\/v2\/types\/product"}],"replies":[{"embeddable":true,"href":"https:\/\/whiskymaltargentina.com\/whiskyshop\/wp-json\/wp\/v2\/comments?post=2893"}],"wp:featuredmedia":[{"embeddable":true,"href":"https:\/\/whiskymaltargentina.com\/whiskyshop\/wp-json\/wp\/v2\/media\/2894"}],"wp:attachment":[{"href":"https:\/\/whiskymaltargentina.com\/whiskyshop\/wp-json\/wp\/v2\/media?parent=2893"}],"wp:term":[{"taxonomy":"product_brand","embeddable":true,"href":"https:\/\/whiskymaltargentina.com\/whiskyshop\/wp-json\/wp\/v2\/product_brand?post=2893"},{"taxonomy":"product_cat","embeddable":true,"href":"https:\/\/whiskymaltargentina.com\/whiskyshop\/wp-json\/wp\/v2\/product_cat?post=2893"},{"taxonomy":"product_tag","embeddable":true,"href":"https:\/\/whiskymaltargentina.com\/whiskyshop\/wp-json\/wp\/v2\/product_tag?post=2893"}],"curies":[{"name":"wp","href":"https:\/\/api.w.org\/{rel}","templated":true}]}}